{"id":41550,"date":"2024-10-01T11:14:51","date_gmt":"2024-10-01T09:14:51","guid":{"rendered":"https:\/\/sundar.be\/product\/3to-pince-a-crochets\/"},"modified":"2025-03-13T12:45:48","modified_gmt":"2025-03-13T11:45:48","slug":"3to-pince-a-crochets","status":"publish","type":"product","link":"https:\/\/sundar.be\/fr\/produit\/3to-pince-a-crochets\/","title":{"rendered":"3TO Pince \u00e0 crochets"},"content":{"rendered":"<div class=\"single-product-overview-details__product-tab-text single-product-overview-details__product-tab-text--is-active\" data-tab=\"description\">\n<div class=\"single-product-overview-details__product-tab-text-description\">Cette pince coupante convient \u00e0 tous les colliers et boucles 3TO, et tous les colliers de serrage jusqu&rsquo;\u00e0 une \u00e9paisseur de fil de 0,45 mm peuvent \u00e9galement \u00eatre utilis\u00e9s sans probl\u00e8me.<\/div>\n<\/div>\n","protected":false},"excerpt":{"rendered":"<p>Cette pince coupante convient \u00e0 tous les colliers et boucles 3TO, et tous les colliers de serrage jusqu&rsquo;\u00e0 une \u00e9paisseur de fil de 0,45 mm peuvent \u00e9galement \u00eatre utilis\u00e9s sans probl\u00e8me.<\/p>\n","protected":false},"featured_media":41543,"comment_status":"open","ping_status":"closed","template":"","meta":{"_acf_changed":false},"product_brand":[],"product_cat":[4765,4331,4295,1429],"product_tag":[],"class_list":{"0":"post-41550","1":"product","2":"type-product","3":"status-publish","4":"has-post-thumbnail","6":"product_cat-matriel-de-pratique","7":"product_cat-pinces-instruments-pinces","8":"product_cat-pinces-instrument-pinces-a-crochet","9":"product_cat-pinces-instruments","11":"first","12":"instock","13":"taxable","14":"shipping-taxable","15":"product-type-simple"},"acf":[],"_links":{"self":[{"href":"https:\/\/sundar.be\/fr\/wp-json\/wp\/v2\/product\/41550","targetHints":{"allow":["GET"]}}],"collection":[{"href":"https:\/\/sundar.be\/fr\/wp-json\/wp\/v2\/product"}],"about":[{"href":"https:\/\/sundar.be\/fr\/wp-json\/wp\/v2\/types\/product"}],"replies":[{"embeddable":true,"href":"https:\/\/sundar.be\/fr\/wp-json\/wp\/v2\/comments?post=41550"}],"wp:featuredmedia":[{"embeddable":true,"href":"https:\/\/sundar.be\/fr\/wp-json\/wp\/v2\/media\/41543"}],"wp:attachment":[{"href":"https:\/\/sundar.be\/fr\/wp-json\/wp\/v2\/media?parent=41550"}],"wp:term":[{"taxonomy":"product_brand","embeddable":true,"href":"https:\/\/sundar.be\/fr\/wp-json\/wp\/v2\/product_brand?post=41550"},{"taxonomy":"product_cat","embeddable":true,"href":"https:\/\/sundar.be\/fr\/wp-json\/wp\/v2\/product_cat?post=41550"},{"taxonomy":"product_tag","embeddable":true,"href":"https:\/\/sundar.be\/fr\/wp-json\/wp\/v2\/product_tag?post=41550"}],"curies":[{"name":"wp","href":"https:\/\/api.w.org\/{rel}","templated":true}]}}