{"id":41545,"date":"2024-10-01T11:13:07","date_gmt":"2024-10-01T09:13:07","guid":{"rendered":"https:\/\/sundar.be\/product\/coupe-ongles-a-poignee-ergonomique-precision\/"},"modified":"2025-03-13T12:45:49","modified_gmt":"2025-03-13T11:45:49","slug":"coupe-ongles-a-poignee-ergonomique-precision","status":"publish","type":"product","link":"https:\/\/sundar.be\/fr\/produit\/coupe-ongles-a-poignee-ergonomique-precision\/","title":{"rendered":"Coupe-ongles \u00e0 poign\u00e9e ergonomique pr\u00e9cision"},"content":{"rendered":"<div class=\"single-product-overview-details__product-tab-text single-product-overview-details__product-tab-text--is-active\" data-tab=\"description\">\n<div class=\"single-product-overview-details__product-tab-text-description\">Coupe-ongles avec poign\u00e9e ergonomique. Petit mod\u00e8le. Taille &#8211; 12 cm  <\/div>\n<\/div>\n","protected":false},"excerpt":{"rendered":"<p>Coupe-ongles avec poign\u00e9e ergonomique. Petit mod\u00e8le. Taille &#8211; 12 cm<\/p>\n","protected":false},"featured_media":41540,"comment_status":"open","ping_status":"closed","template":"","meta":{"_acf_changed":false},"product_brand":[],"product_cat":[4765,4331,1429,4298],"product_tag":[],"class_list":{"0":"post-41545","1":"product","2":"type-product","3":"status-publish","4":"has-post-thumbnail","6":"product_cat-matriel-de-pratique","7":"product_cat-pinces-instruments-pinces","8":"product_cat-pinces-instruments","9":"product_cat-pinces-instruments-pinces-solides","11":"first","12":"instock","13":"taxable","14":"shipping-taxable","15":"product-type-simple"},"acf":[],"_links":{"self":[{"href":"https:\/\/sundar.be\/fr\/wp-json\/wp\/v2\/product\/41545","targetHints":{"allow":["GET"]}}],"collection":[{"href":"https:\/\/sundar.be\/fr\/wp-json\/wp\/v2\/product"}],"about":[{"href":"https:\/\/sundar.be\/fr\/wp-json\/wp\/v2\/types\/product"}],"replies":[{"embeddable":true,"href":"https:\/\/sundar.be\/fr\/wp-json\/wp\/v2\/comments?post=41545"}],"wp:featuredmedia":[{"embeddable":true,"href":"https:\/\/sundar.be\/fr\/wp-json\/wp\/v2\/media\/41540"}],"wp:attachment":[{"href":"https:\/\/sundar.be\/fr\/wp-json\/wp\/v2\/media?parent=41545"}],"wp:term":[{"taxonomy":"product_brand","embeddable":true,"href":"https:\/\/sundar.be\/fr\/wp-json\/wp\/v2\/product_brand?post=41545"},{"taxonomy":"product_cat","embeddable":true,"href":"https:\/\/sundar.be\/fr\/wp-json\/wp\/v2\/product_cat?post=41545"},{"taxonomy":"product_tag","embeddable":true,"href":"https:\/\/sundar.be\/fr\/wp-json\/wp\/v2\/product_tag?post=41545"}],"curies":[{"name":"wp","href":"https:\/\/api.w.org\/{rel}","templated":true}]}}