{"id":41534,"date":"2024-10-01T11:10:14","date_gmt":"2024-10-01T09:11:14","guid":{"rendered":"https:\/\/sundar.be\/product\/pince-a-double-articulation-avec-machoires-droites-tamponnees\/"},"modified":"2025-03-13T12:45:46","modified_gmt":"2025-03-13T11:45:46","slug":"pince-a-double-articulation-avec-machoires-droites-tamponnees","status":"publish","type":"product","link":"https:\/\/sundar.be\/fr\/produit\/pince-a-double-articulation-avec-machoires-droites-tamponnees\/","title":{"rendered":"Pince \u00e0 double articulation avec m\u00e2choires droites tamponn\u00e9es"},"content":{"rendered":"<p>Cette pince \u00e0 double articulation en acier inoxydable avec m\u00e2choires droites est l&rsquo;outil parfait pour couper vos ongles. Facile \u00e0 utiliser et confortable en main. Petite version \u2013 Longueur : 12 cm. <\/p>\n<p>Les pinces \u00e0 double articulation poss\u00e8dent des points de pivot suppl\u00e9mentaires, permettant d\u2019exercer plus de force et de couper encore plus facilement.<\/p>\n","protected":false},"excerpt":{"rendered":"<p>Cette pince \u00e0 double articulation en acier inoxydable avec m\u00e2choires droites est l&rsquo;outil parfait pour couper vos ongles. Facile \u00e0 utiliser et confortable en main. Petite version \u2013 Longueur : 12 cm. Les pinces \u00e0 double articulation poss\u00e8dent des points de pivot suppl\u00e9mentaires, permettant d\u2019exercer plus de force et de couper encore plus facilement.<\/p>\n","protected":false},"featured_media":41532,"comment_status":"open","ping_status":"closed","template":"","meta":{"_acf_changed":false},"product_brand":[],"product_cat":[4765,4296,4331,1429],"product_tag":[],"class_list":{"0":"post-41534","1":"product","2":"type-product","3":"status-publish","4":"has-post-thumbnail","6":"product_cat-matriel-de-pratique","7":"product_cat-pinces-instruments-pince-double-charniere","8":"product_cat-pinces-instruments-pinces","9":"product_cat-pinces-instruments","11":"first","12":"instock","13":"taxable","14":"shipping-taxable","15":"product-type-simple"},"acf":[],"_links":{"self":[{"href":"https:\/\/sundar.be\/fr\/wp-json\/wp\/v2\/product\/41534","targetHints":{"allow":["GET"]}}],"collection":[{"href":"https:\/\/sundar.be\/fr\/wp-json\/wp\/v2\/product"}],"about":[{"href":"https:\/\/sundar.be\/fr\/wp-json\/wp\/v2\/types\/product"}],"replies":[{"embeddable":true,"href":"https:\/\/sundar.be\/fr\/wp-json\/wp\/v2\/comments?post=41534"}],"wp:featuredmedia":[{"embeddable":true,"href":"https:\/\/sundar.be\/fr\/wp-json\/wp\/v2\/media\/41532"}],"wp:attachment":[{"href":"https:\/\/sundar.be\/fr\/wp-json\/wp\/v2\/media?parent=41534"}],"wp:term":[{"taxonomy":"product_brand","embeddable":true,"href":"https:\/\/sundar.be\/fr\/wp-json\/wp\/v2\/product_brand?post=41534"},{"taxonomy":"product_cat","embeddable":true,"href":"https:\/\/sundar.be\/fr\/wp-json\/wp\/v2\/product_cat?post=41534"},{"taxonomy":"product_tag","embeddable":true,"href":"https:\/\/sundar.be\/fr\/wp-json\/wp\/v2\/product_tag?post=41534"}],"curies":[{"name":"wp","href":"https:\/\/api.w.org\/{rel}","templated":true}]}}