{"id":41457,"date":"2024-10-01T10:20:11","date_gmt":"2024-10-01T08:20:11","guid":{"rendered":"https:\/\/sundar.be\/product\/pince-a-peau-5-mm\/"},"modified":"2025-03-13T12:48:41","modified_gmt":"2025-03-13T11:48:41","slug":"pince-a-peau-5-mm","status":"publish","type":"product","link":"https:\/\/sundar.be\/fr\/produit\/pince-a-peau-5-mm\/","title":{"rendered":"Pince \u00e0 Cuticules 5 mm"},"content":{"rendered":"<p>Pince \u00e0 peau avec double ressort. La fonction de la pince \u00e0 \u00e9plucher est d&rsquo;enlever la peau l\u00e2che autour des ongles ainsi que les cuticules. Elle peut \u00e9galement \u00eatre utilis\u00e9e pour enlever les bords d&rsquo;un ma\u00efs. L&rsquo;utilisation d&rsquo;une pince \u00e0 \u00e9plucher permet de couper pr\u00e8s de la surface de la peau sans l&rsquo;endommager (davantage).   <\/p>\n","protected":false},"excerpt":{"rendered":"<p>Pince \u00e0 Cuticules 5mm<\/p>\n","protected":false},"featured_media":41448,"comment_status":"open","ping_status":"closed","template":"","meta":{"_acf_changed":false},"product_brand":[],"product_cat":[4656,5008,4765,1532,5014,4331,4300,1429,4761],"product_tag":[4260],"class_list":{"0":"post-41457","1":"product","2":"type-product","3":"status-publish","4":"has-post-thumbnail","6":"product_cat-instruments-manucure","7":"product_cat-manucure-materiel-manucure","8":"product_cat-matriel-de-pratique","9":"product_cat-materiels","10":"product_cat-pose-ongles-outils-manucure","11":"product_cat-pinces-instruments-pinces","12":"product_cat-pinces-instrument-pinces-a-peau","13":"product_cat-pinces-instruments","14":"product_cat-pose-ongles","15":"product_tag-pince-a-peau","17":"first","18":"instock","19":"taxable","20":"shipping-taxable","21":"product-type-simple"},"acf":[],"_links":{"self":[{"href":"https:\/\/sundar.be\/fr\/wp-json\/wp\/v2\/product\/41457","targetHints":{"allow":["GET"]}}],"collection":[{"href":"https:\/\/sundar.be\/fr\/wp-json\/wp\/v2\/product"}],"about":[{"href":"https:\/\/sundar.be\/fr\/wp-json\/wp\/v2\/types\/product"}],"replies":[{"embeddable":true,"href":"https:\/\/sundar.be\/fr\/wp-json\/wp\/v2\/comments?post=41457"}],"wp:featuredmedia":[{"embeddable":true,"href":"https:\/\/sundar.be\/fr\/wp-json\/wp\/v2\/media\/41448"}],"wp:attachment":[{"href":"https:\/\/sundar.be\/fr\/wp-json\/wp\/v2\/media?parent=41457"}],"wp:term":[{"taxonomy":"product_brand","embeddable":true,"href":"https:\/\/sundar.be\/fr\/wp-json\/wp\/v2\/product_brand?post=41457"},{"taxonomy":"product_cat","embeddable":true,"href":"https:\/\/sundar.be\/fr\/wp-json\/wp\/v2\/product_cat?post=41457"},{"taxonomy":"product_tag","embeddable":true,"href":"https:\/\/sundar.be\/fr\/wp-json\/wp\/v2\/product_tag?post=41457"}],"curies":[{"name":"wp","href":"https:\/\/api.w.org\/{rel}","templated":true}]}}