{"id":41442,"date":"2024-10-01T09:54:47","date_gmt":"2024-10-01T07:54:47","guid":{"rendered":"https:\/\/sundar.be\/product\/hi-tech-pince-a-peau-5-mm-rvs\/"},"modified":"2025-03-13T12:48:37","modified_gmt":"2025-03-13T11:48:37","slug":"hi-tech-pince-a-peau-5-mm-rvs","status":"publish","type":"product","link":"https:\/\/sundar.be\/fr\/produit\/hi-tech-pince-a-peau-5-mm-rvs\/","title":{"rendered":"HI TECH Pince \u00e0 Peau 5 mm RVS"},"content":{"rendered":"<div class=\"single-product-overview-details__product-tab-text single-product-overview-details__product-tab-text--is-active\" data-tab=\"description\">\n<div class=\"single-product-overview-details__product-tab-text-description\">Petite pince \u00e0 d\u00e9pecer avec ressort en croix. Tranchant de 5 mm. Superpos\u00e9  <\/div>\n<\/div>\n","protected":false},"excerpt":{"rendered":"<p>Pince \u00e0 Cuticules 5mm<\/p>\n","protected":false},"featured_media":41430,"comment_status":"open","ping_status":"closed","template":"","meta":{"_acf_changed":false},"product_brand":[],"product_cat":[4656,5008,4765,1532,5014,1429,4761],"product_tag":[4260],"class_list":{"0":"post-41442","1":"product","2":"type-product","3":"status-publish","4":"has-post-thumbnail","6":"product_cat-instruments-manucure","7":"product_cat-manucure-materiel-manucure","8":"product_cat-matriel-de-pratique","9":"product_cat-materiels","10":"product_cat-pose-ongles-outils-manucure","11":"product_cat-pinces-instruments","12":"product_cat-pose-ongles","13":"product_tag-pince-a-peau","15":"first","16":"instock","17":"taxable","18":"shipping-taxable","19":"product-type-simple"},"acf":[],"_links":{"self":[{"href":"https:\/\/sundar.be\/fr\/wp-json\/wp\/v2\/product\/41442","targetHints":{"allow":["GET"]}}],"collection":[{"href":"https:\/\/sundar.be\/fr\/wp-json\/wp\/v2\/product"}],"about":[{"href":"https:\/\/sundar.be\/fr\/wp-json\/wp\/v2\/types\/product"}],"replies":[{"embeddable":true,"href":"https:\/\/sundar.be\/fr\/wp-json\/wp\/v2\/comments?post=41442"}],"wp:featuredmedia":[{"embeddable":true,"href":"https:\/\/sundar.be\/fr\/wp-json\/wp\/v2\/media\/41430"}],"wp:attachment":[{"href":"https:\/\/sundar.be\/fr\/wp-json\/wp\/v2\/media?parent=41442"}],"wp:term":[{"taxonomy":"product_brand","embeddable":true,"href":"https:\/\/sundar.be\/fr\/wp-json\/wp\/v2\/product_brand?post=41442"},{"taxonomy":"product_cat","embeddable":true,"href":"https:\/\/sundar.be\/fr\/wp-json\/wp\/v2\/product_cat?post=41442"},{"taxonomy":"product_tag","embeddable":true,"href":"https:\/\/sundar.be\/fr\/wp-json\/wp\/v2\/product_tag?post=41442"}],"curies":[{"name":"wp","href":"https:\/\/api.w.org\/{rel}","templated":true}]}}