{"id":41427,"date":"2024-09-01T07:00:30","date_gmt":"2024-09-01T05:00:30","guid":{"rendered":"https:\/\/sundar.be\/product\/akileine-sports-kimas-huile-de-massage\/"},"modified":"2025-05-20T08:06:49","modified_gmt":"2025-05-20T06:06:49","slug":"akileine-sports-kimas-huile-de-massage","status":"publish","type":"product","link":"https:\/\/sundar.be\/fr\/produit\/akileine-sports-kimas-huile-de-massage\/","title":{"rendered":"Akile\u00efne Sports Kimas Huile de Massage"},"content":{"rendered":"<p>Huile de massage riche en arnica et en huile de p\u00e9pins de raisin. Kimas r\u00e9duit consid\u00e9rablement la sensation de fatigue musculaire et apaise les douleurs musculaires. <\/p>\n<ul>\n<li>Optimise la r\u00e9cup\u00e9ration athl\u00e9tique et prot\u00e8ge la peau gr\u00e2ce \u00e0 un film protecteur.<\/li>\n<li>Utilis\u00e9 avant l&rsquo;exercice, KIMAS r\u00e9duit la sensation de raideur musculaire.<\/li>\n<\/ul>\n","protected":false},"excerpt":{"rendered":"<p>Akileine Sports KIMAS Oil r\u00e9duit la sensation de fatigue musculaire et apaise les douleurs musculaires.<\/p>\n","protected":false},"featured_media":40972,"comment_status":"open","ping_status":"closed","template":"","meta":{"_acf_changed":false},"product_brand":[],"product_cat":[4227,4225,4223],"product_tag":[4231],"class_list":{"0":"post-41427","1":"product","2":"type-product","3":"status-publish","4":"has-post-thumbnail","6":"product_cat-massage-lotions-de-massage","7":"product_cat-huiles-de-massage-lotions","8":"product_cat-massage-fr-webshop-fr","9":"product_tag-huile-de-massage","11":"first","12":"instock","13":"taxable","14":"shipping-taxable","15":"product-type-simple"},"acf":[],"_links":{"self":[{"href":"https:\/\/sundar.be\/fr\/wp-json\/wp\/v2\/product\/41427","targetHints":{"allow":["GET"]}}],"collection":[{"href":"https:\/\/sundar.be\/fr\/wp-json\/wp\/v2\/product"}],"about":[{"href":"https:\/\/sundar.be\/fr\/wp-json\/wp\/v2\/types\/product"}],"replies":[{"embeddable":true,"href":"https:\/\/sundar.be\/fr\/wp-json\/wp\/v2\/comments?post=41427"}],"wp:featuredmedia":[{"embeddable":true,"href":"https:\/\/sundar.be\/fr\/wp-json\/wp\/v2\/media\/40972"}],"wp:attachment":[{"href":"https:\/\/sundar.be\/fr\/wp-json\/wp\/v2\/media?parent=41427"}],"wp:term":[{"taxonomy":"product_brand","embeddable":true,"href":"https:\/\/sundar.be\/fr\/wp-json\/wp\/v2\/product_brand?post=41427"},{"taxonomy":"product_cat","embeddable":true,"href":"https:\/\/sundar.be\/fr\/wp-json\/wp\/v2\/product_cat?post=41427"},{"taxonomy":"product_tag","embeddable":true,"href":"https:\/\/sundar.be\/fr\/wp-json\/wp\/v2\/product_tag?post=41427"}],"curies":[{"name":"wp","href":"https:\/\/api.w.org\/{rel}","templated":true}]}}