{"id":41299,"date":"2024-09-29T14:01:00","date_gmt":"2024-09-29T12:01:00","guid":{"rendered":"https:\/\/sundar.be\/product\/reposan-30ml\/"},"modified":"2025-11-25T13:03:28","modified_gmt":"2025-11-25T12:03:28","slug":"reposan-30ml","status":"publish","type":"product","link":"https:\/\/sundar.be\/fr\/produit\/reposan-30ml\/","title":{"rendered":"LCN Reposan, 30ml"},"content":{"rendered":"<p><strong>LCN Reposan<\/strong> est un baume de soin intensif qui apaise, adoucit et prot\u00e8ge imm\u00e9diatement la peau. Sa formule riche est sp\u00e9cialement con\u00e7ue pour r\u00e9parer les zones s\u00e8ches, sensibles et irrit\u00e9es tout en offrant une hydratation durable. Gr\u00e2ce \u00e0 des huiles nourrissantes, des extraits apaisants et une texture protectrice, Reposan est une cr\u00e8me barri\u00e8re id\u00e9ale pour les mains ainsi que pour toutes les zones de peau s\u00e8che.  <\/p>\n","protected":false},"excerpt":{"rendered":"<p>Un baume riche et r\u00e9parateur qui apaise instantan\u00e9ment la peau s\u00e8che et irrit\u00e9e. Parfait pour ceux qui ont besoin d\u2019une protection intensive et d\u2019une hydratation longue dur\u00e9e. <\/p>\n","protected":false},"featured_media":42875,"comment_status":"open","ping_status":"closed","template":"","meta":{"_acf_changed":false},"product_brand":[],"product_cat":[1442,4936,1440,4907],"product_tag":[2715],"class_list":{"0":"post-41299","1":"product","2":"type-product","3":"status-publish","4":"has-post-thumbnail","6":"product_cat-cremes-pour-les-mains","7":"product_cat-lcn-fr","8":"product_cat-lcn-soin-de-mains","9":"product_cat-soins","10":"product_tag-lcn-fr","12":"first","13":"instock","14":"taxable","15":"shipping-taxable","16":"product-type-simple"},"acf":[],"_links":{"self":[{"href":"https:\/\/sundar.be\/fr\/wp-json\/wp\/v2\/product\/41299","targetHints":{"allow":["GET"]}}],"collection":[{"href":"https:\/\/sundar.be\/fr\/wp-json\/wp\/v2\/product"}],"about":[{"href":"https:\/\/sundar.be\/fr\/wp-json\/wp\/v2\/types\/product"}],"replies":[{"embeddable":true,"href":"https:\/\/sundar.be\/fr\/wp-json\/wp\/v2\/comments?post=41299"}],"wp:featuredmedia":[{"embeddable":true,"href":"https:\/\/sundar.be\/fr\/wp-json\/wp\/v2\/media\/42875"}],"wp:attachment":[{"href":"https:\/\/sundar.be\/fr\/wp-json\/wp\/v2\/media?parent=41299"}],"wp:term":[{"taxonomy":"product_brand","embeddable":true,"href":"https:\/\/sundar.be\/fr\/wp-json\/wp\/v2\/product_brand?post=41299"},{"taxonomy":"product_cat","embeddable":true,"href":"https:\/\/sundar.be\/fr\/wp-json\/wp\/v2\/product_cat?post=41299"},{"taxonomy":"product_tag","embeddable":true,"href":"https:\/\/sundar.be\/fr\/wp-json\/wp\/v2\/product_tag?post=41299"}],"curies":[{"name":"wp","href":"https:\/\/api.w.org\/{rel}","templated":true}]}}