{"id":41290,"date":"2024-09-29T13:52:48","date_gmt":"2024-09-29T11:52:48","guid":{"rendered":"https:\/\/sundar.be\/product\/starter-set-easy-gel-tips\/"},"modified":"2025-11-25T14:57:51","modified_gmt":"2025-11-25T13:57:51","slug":"starter-set-easy-gel-tips","status":"publish","type":"product","link":"https:\/\/sundar.be\/fr\/produit\/starter-set-easy-gel-tips\/","title":{"rendered":"LCN Starter Set Easy Gel Tips"},"content":{"rendered":"<p>Avec le \u00ab\u00a0Easy Gel Tip Starter Set\u00a0\u00bb de LCN, vous obtenez un kit complet pour d\u00e9buter dans la mod\u00e9lisation des ongles en toute s\u00e9r\u00e9nit\u00e9. Choisissez la forme de tip de votre choix et utilisez ce kit pour cr\u00e9er des ongles dignes d\u2019un salon professionnel ! Finalisez la mod\u00e9lisation avec Easy Gel Tip et associez notre Easy Gel aux couleurs de notre UV Gel Polish.  <\/p>\n<p><strong>Contenu:<\/strong><\/p>\n<ul>\n<li>Easy Gel soak-off nude<\/li>\n<li>UV-Gel Polish TAUPE ELEGANCE<\/li>\n<li>UV-Gel Polish CLASSIC RED<\/li>\n<li>UV-Gel Polish Top<\/li>\n<li>Cleaner, 100 ml<\/li>\n<li>Super Shine Finish Cleaner, 100 ml<\/li>\n<li>Loosener, 100 ml<\/li>\n<li>Extreme &#8211; File<\/li>\n<li>Easy Gel Tip Glue<\/li>\n<li>Remover Wraps 30 pcs.<\/li>\n<li>Light unit<\/li>\n<li>Rosewood sticks<\/li>\n<li>Bo\u00eete d&rsquo;Easy Gel Tips au choix<\/li>\n<\/ul>\n","protected":false},"excerpt":{"rendered":"<p>Easy Gel Tips dans un paquet de d\u00e9part pratique.<\/p>\n","protected":false},"featured_media":41284,"comment_status":"open","ping_status":"closed","template":"","meta":{"_acf_changed":false},"product_brand":[],"product_cat":[6210,4950,6214,4936,4949,6219],"product_tag":[2715],"class_list":{"0":"post-41290","1":"product","2":"type-product","3":"status-publish","4":"has-post-thumbnail","6":"product_cat-lcn-ongles-artificielles-uv-gels-basic-gels-de-construction","7":"product_cat-lcn-ongles-artificiels-gels-uv-basic","8":"product_cat-lcn-ongles-artificielles-highlights","9":"product_cat-lcn-fr","10":"product_cat-lcn-ongles-artificiels","11":"product_cat-lcn-ongles-artificielles-systemes-easy-gel","12":"product_tag-lcn-fr","13":"pa_inhoud-set-almond-fr","14":"pa_inhoud-set-ballerina-fr","15":"pa_inhoud-set-rounded-fr","16":"pa_inhoud-set-square-fr","18":"first","19":"instock","20":"taxable","21":"shipping-taxable","22":"product-type-variable"},"acf":[],"_links":{"self":[{"href":"https:\/\/sundar.be\/fr\/wp-json\/wp\/v2\/product\/41290","targetHints":{"allow":["GET"]}}],"collection":[{"href":"https:\/\/sundar.be\/fr\/wp-json\/wp\/v2\/product"}],"about":[{"href":"https:\/\/sundar.be\/fr\/wp-json\/wp\/v2\/types\/product"}],"replies":[{"embeddable":true,"href":"https:\/\/sundar.be\/fr\/wp-json\/wp\/v2\/comments?post=41290"}],"wp:featuredmedia":[{"embeddable":true,"href":"https:\/\/sundar.be\/fr\/wp-json\/wp\/v2\/media\/41284"}],"wp:attachment":[{"href":"https:\/\/sundar.be\/fr\/wp-json\/wp\/v2\/media?parent=41290"}],"wp:term":[{"taxonomy":"product_brand","embeddable":true,"href":"https:\/\/sundar.be\/fr\/wp-json\/wp\/v2\/product_brand?post=41290"},{"taxonomy":"product_cat","embeddable":true,"href":"https:\/\/sundar.be\/fr\/wp-json\/wp\/v2\/product_cat?post=41290"},{"taxonomy":"product_tag","embeddable":true,"href":"https:\/\/sundar.be\/fr\/wp-json\/wp\/v2\/product_tag?post=41290"}],"curies":[{"name":"wp","href":"https:\/\/api.w.org\/{rel}","templated":true}]}}