{"id":41070,"date":"2024-09-01T07:00:26","date_gmt":"2024-09-01T05:00:26","guid":{"rendered":"https:\/\/sundar.be\/product\/chemodol-huile-de-massage\/"},"modified":"2025-05-20T08:08:05","modified_gmt":"2025-05-20T06:08:05","slug":"chemodol-huile-de-massage","status":"publish","type":"product","link":"https:\/\/sundar.be\/fr\/produit\/chemodol-huile-de-massage\/","title":{"rendered":"Chemodol Huile de Massage"},"content":{"rendered":"<p>Chemodol est l\u2019huile de massage la plus utilis\u00e9e dans les cabinets de kin\u00e9sith\u00e9rapie. Elle convient \u00e0 tous les types de peau et \u00e0 tout type de massage. Cette huile est \u00e9galement adapt\u00e9e \u00e0 un usage professionnel.<br \/>Chemodol est \u00e9conomique \u00e0 l\u2019usage et, \u00e9tant hydrosoluble, elle se rince facilement \u00e0 l\u2019eau.  <\/p>\n<p>Chemodol est une huile de massage professionnelle et au pH neutre, qui n\u2019agresse pas la peau. Gr\u00e2ce \u00e0 son bouchon, le dosage est facile et pr\u00e9cis. Elle poss\u00e8de des propri\u00e9t\u00e9s de r\u00e9sorption, ce qui permet un contact optimal avec la peau.  <\/p>\n","protected":false},"excerpt":{"rendered":"<p>Chemodol est une huile de massage neutre qui convient \u00e0 tout type de peau et de massage.<\/p>\n","protected":false},"featured_media":40953,"comment_status":"open","ping_status":"closed","template":"","meta":{"_acf_changed":false},"product_brand":[],"product_cat":[4227,4225,4223],"product_tag":[4231],"class_list":{"0":"post-41070","1":"product","2":"type-product","3":"status-publish","4":"has-post-thumbnail","6":"product_cat-massage-lotions-de-massage","7":"product_cat-huiles-de-massage-lotions","8":"product_cat-massage-fr-webshop-fr","9":"product_tag-huile-de-massage","10":"pa_inhoud-500-ml-fr","11":"pa_inhoud-5000-ml-fr","13":"first","14":"instock","15":"taxable","16":"shipping-taxable","17":"product-type-variable"},"acf":[],"_links":{"self":[{"href":"https:\/\/sundar.be\/fr\/wp-json\/wp\/v2\/product\/41070","targetHints":{"allow":["GET"]}}],"collection":[{"href":"https:\/\/sundar.be\/fr\/wp-json\/wp\/v2\/product"}],"about":[{"href":"https:\/\/sundar.be\/fr\/wp-json\/wp\/v2\/types\/product"}],"replies":[{"embeddable":true,"href":"https:\/\/sundar.be\/fr\/wp-json\/wp\/v2\/comments?post=41070"}],"wp:featuredmedia":[{"embeddable":true,"href":"https:\/\/sundar.be\/fr\/wp-json\/wp\/v2\/media\/40953"}],"wp:attachment":[{"href":"https:\/\/sundar.be\/fr\/wp-json\/wp\/v2\/media?parent=41070"}],"wp:term":[{"taxonomy":"product_brand","embeddable":true,"href":"https:\/\/sundar.be\/fr\/wp-json\/wp\/v2\/product_brand?post=41070"},{"taxonomy":"product_cat","embeddable":true,"href":"https:\/\/sundar.be\/fr\/wp-json\/wp\/v2\/product_cat?post=41070"},{"taxonomy":"product_tag","embeddable":true,"href":"https:\/\/sundar.be\/fr\/wp-json\/wp\/v2\/product_tag?post=41070"}],"curies":[{"name":"wp","href":"https:\/\/api.w.org\/{rel}","templated":true}]}}