{"id":40950,"date":"2024-09-01T07:00:21","date_gmt":"2024-09-01T05:00:21","guid":{"rendered":"https:\/\/sundar.be\/product\/chi-davos-huile-musculaire-100-ml\/"},"modified":"2025-05-20T08:08:55","modified_gmt":"2025-05-20T06:08:55","slug":"chi-davos-huile-musculaire-100-ml","status":"publish","type":"product","link":"https:\/\/sundar.be\/fr\/produit\/chi-davos-huile-musculaire-100-ml\/","title":{"rendered":"Chi Davos Huile Musculaire, 100 ml"},"content":{"rendered":"<p>L\u2019huile musculaire Davos Air favorise le bon fonctionnement des muscles.<br \/>Elle aide \u00e0 maintenir la souplesse des articulations, contribue \u00e0 garder des muscles flexibles, et favorise la r\u00e9cup\u00e9ration apr\u00e8s un effort physique. <\/p>\n<p>L\u2019huile musculaire Davos Air a une double fonction :<\/p>\n<ul>\n<li>R\u00e9chauffement des muscles<\/li>\n<li>Huile cutan\u00e9e id\u00e9ale pour des voies respiratoires saines et pour respirer plus librement.<\/li>\n<\/ul>\n<p>La base de cette huile musculaire est constitu\u00e9e d&rsquo;huile d&rsquo;amande douce pour la peau, de la combinaison efficace d&rsquo;arnica et de millepertuis et des huiles de l&rsquo;air de Davos : eucalyptus, pin sylvestre, menthe des champs et menthe poivr\u00e9e. Pour r\u00e9chauffer les muscles, ce m\u00e9lange est compl\u00e9t\u00e9 par les huiles essentielles de kayput, de camphre et de clou de girofle. <\/p>\n","protected":false},"excerpt":{"rendered":"<p>Davos Air Muscle Oil favorise la fonction musculaire et la sant\u00e9 des voies respiratoires.<\/p>\n","protected":false},"featured_media":55609,"comment_status":"open","ping_status":"closed","template":"","meta":{"_acf_changed":false},"product_brand":[],"product_cat":[6090,5676,4225,6115,4223,4972],"product_tag":[4231],"class_list":{"0":"post-40950","1":"product","2":"type-product","3":"status-publish","4":"has-post-thumbnail","6":"product_cat-chi-natural-life","7":"product_cat-chi-natural-life-massage","8":"product_cat-huiles-de-massage-lotions","9":"product_cat-chi-huile-vegetale","10":"product_cat-massage-fr-webshop-fr","11":"product_cat-nos-marques","12":"product_tag-huile-de-massage","13":"pa_inhoud-100-ml-fr","14":"pa_inhoud-500-ml-fr","16":"first","17":"instock","18":"taxable","19":"shipping-taxable","20":"product-type-variable"},"acf":[],"_links":{"self":[{"href":"https:\/\/sundar.be\/fr\/wp-json\/wp\/v2\/product\/40950","targetHints":{"allow":["GET"]}}],"collection":[{"href":"https:\/\/sundar.be\/fr\/wp-json\/wp\/v2\/product"}],"about":[{"href":"https:\/\/sundar.be\/fr\/wp-json\/wp\/v2\/types\/product"}],"replies":[{"embeddable":true,"href":"https:\/\/sundar.be\/fr\/wp-json\/wp\/v2\/comments?post=40950"}],"wp:featuredmedia":[{"embeddable":true,"href":"https:\/\/sundar.be\/fr\/wp-json\/wp\/v2\/media\/55609"}],"wp:attachment":[{"href":"https:\/\/sundar.be\/fr\/wp-json\/wp\/v2\/media?parent=40950"}],"wp:term":[{"taxonomy":"product_brand","embeddable":true,"href":"https:\/\/sundar.be\/fr\/wp-json\/wp\/v2\/product_brand?post=40950"},{"taxonomy":"product_cat","embeddable":true,"href":"https:\/\/sundar.be\/fr\/wp-json\/wp\/v2\/product_cat?post=40950"},{"taxonomy":"product_tag","embeddable":true,"href":"https:\/\/sundar.be\/fr\/wp-json\/wp\/v2\/product_tag?post=40950"}],"curies":[{"name":"wp","href":"https:\/\/api.w.org\/{rel}","templated":true}]}}