{"id":40942,"date":"2024-09-01T07:00:21","date_gmt":"2024-09-25T06:04:35","guid":{"rendered":"https:\/\/sundar.be\/product\/suda-fraises-ceramique\/"},"modified":"2025-03-13T13:44:21","modified_gmt":"2025-03-13T12:44:21","slug":"suda-fraises-ceramique","status":"publish","type":"product","link":"https:\/\/sundar.be\/fr\/produit\/suda-fraises-ceramique\/","title":{"rendered":"S\u00fcda Fraises C\u00e9ramique"},"content":{"rendered":"<p>Fraises en c\u00e9ramique S\u00fcda. Les fraises en c\u00e9ramique sont plus dures, plus l\u00e9g\u00e8res et se cassent moins vite que les fraises standard, ce qui permet un traitement plus pr\u00e9cis. Les fraises en c\u00e9ramique d\u00e9gagent \u00e9galement moins de chaleur, ce qui est un avantage pour les techniques de s\u00e9chage. Elles s&rsquo;aplatissent en un seul passage. Elles conviennent \u00e9galement tr\u00e8s bien aux personnes allergiques aux m\u00e9taux.    <\/p>\n","protected":false},"excerpt":{"rendered":"<p>S\u00fcda Fraises C\u00e9ramique<\/p>\n","protected":false},"featured_media":38174,"comment_status":"open","ping_status":"closed","template":"","meta":{"_acf_changed":false},"product_brand":[],"product_cat":[1626,4059,3412,4765],"product_tag":[3472],"class_list":{"0":"post-40942","1":"product","2":"type-product","3":"status-publish","4":"has-post-thumbnail","6":"product_cat-appareils-et-accessoires","7":"product_cat-units-fraises-accessoires","8":"product_cat-units-fraises-ceramiques","9":"product_cat-matriel-de-pratique","10":"product_tag-fraisen-fr","11":"pa_vorm-suda-keramische-bolkopfrais-a-023-fr","12":"pa_vorm-suda-keramische-fissuurfrais-gsq-023-fr","13":"pa_vorm-suda-keramische-peerfrais-acr-060-fr","14":"pa_vorm-suda-keramische-peerfrais-eq-060-fr","15":"pa_vorm-suda-keramische-peerfrais-gsq-060-fr","16":"pa_vorm-suda-keramische-pyramidefrais-acr-040-fr","17":"pa_vorm-suda-keramische-pyramidefrais-gsq-040-fr","19":"first","20":"instock","21":"taxable","22":"shipping-taxable","23":"product-type-variable"},"acf":[],"_links":{"self":[{"href":"https:\/\/sundar.be\/fr\/wp-json\/wp\/v2\/product\/40942","targetHints":{"allow":["GET"]}}],"collection":[{"href":"https:\/\/sundar.be\/fr\/wp-json\/wp\/v2\/product"}],"about":[{"href":"https:\/\/sundar.be\/fr\/wp-json\/wp\/v2\/types\/product"}],"replies":[{"embeddable":true,"href":"https:\/\/sundar.be\/fr\/wp-json\/wp\/v2\/comments?post=40942"}],"wp:featuredmedia":[{"embeddable":true,"href":"https:\/\/sundar.be\/fr\/wp-json\/wp\/v2\/media\/38174"}],"wp:attachment":[{"href":"https:\/\/sundar.be\/fr\/wp-json\/wp\/v2\/media?parent=40942"}],"wp:term":[{"taxonomy":"product_brand","embeddable":true,"href":"https:\/\/sundar.be\/fr\/wp-json\/wp\/v2\/product_brand?post=40942"},{"taxonomy":"product_cat","embeddable":true,"href":"https:\/\/sundar.be\/fr\/wp-json\/wp\/v2\/product_cat?post=40942"},{"taxonomy":"product_tag","embeddable":true,"href":"https:\/\/sundar.be\/fr\/wp-json\/wp\/v2\/product_tag?post=40942"}],"curies":[{"name":"wp","href":"https:\/\/api.w.org\/{rel}","templated":true}]}}