{"id":40934,"date":"2024-09-01T07:00:04","date_gmt":"2024-09-01T05:00:04","guid":{"rendered":"https:\/\/sundar.be\/product\/chi-aromassage-back-arm\/"},"modified":"2025-05-20T08:18:06","modified_gmt":"2025-05-20T06:18:06","slug":"chi-aromassage-back-arm","status":"publish","type":"product","link":"https:\/\/sundar.be\/fr\/produit\/chi-aromassage-back-arm\/","title":{"rendered":"Chi Aromassage Back  Arm"},"content":{"rendered":"<p>Le g\u00e9ranium, la lavande et le poivre noir ont \u00e9t\u00e9 ajout\u00e9s \u00e0 l&rsquo;Aromassage Dos &amp; Bras sur une base de mac\u00e9rat de jojoba, d&rsquo;amande et de millepertuis. Gr\u00e2ce \u00e0 l&rsquo;effet apaisant et relaxant de la lavande et \u00e0 l&rsquo;effet stimulant et r\u00e9chauffant du poivre noir, Back &amp; Arm est une huile de massage efficace pour les mains, les poignets, les coudes, les muscles du cou et des \u00e9paules qui sont sollicit\u00e9s en permanence et pour maintenir la souplesse des articulations.  <\/p>\n","protected":false},"excerpt":{"rendered":"<p>Back  Arm est une huile de massage efficace en cas de sollicitation continue des mains, des poignets, des coudes, de la nuque et des \u00e9paules, et pour pr\u00e9server la souplesse des articulations.<\/p>\n","protected":false},"featured_media":40758,"comment_status":"open","ping_status":"closed","template":"","meta":{"_acf_changed":false},"product_brand":[],"product_cat":[5676,4225,4223],"product_tag":[4231],"class_list":{"0":"post-40934","1":"product","2":"type-product","3":"status-publish","4":"has-post-thumbnail","6":"product_cat-chi-natural-life-massage","7":"product_cat-huiles-de-massage-lotions","8":"product_cat-massage-fr-webshop-fr","9":"product_tag-huile-de-massage","10":"pa_inhoud-100-ml-fr","11":"pa_inhoud-500-ml-fr","13":"first","14":"instock","15":"taxable","16":"shipping-taxable","17":"product-type-variable"},"acf":[],"_links":{"self":[{"href":"https:\/\/sundar.be\/fr\/wp-json\/wp\/v2\/product\/40934","targetHints":{"allow":["GET"]}}],"collection":[{"href":"https:\/\/sundar.be\/fr\/wp-json\/wp\/v2\/product"}],"about":[{"href":"https:\/\/sundar.be\/fr\/wp-json\/wp\/v2\/types\/product"}],"replies":[{"embeddable":true,"href":"https:\/\/sundar.be\/fr\/wp-json\/wp\/v2\/comments?post=40934"}],"wp:featuredmedia":[{"embeddable":true,"href":"https:\/\/sundar.be\/fr\/wp-json\/wp\/v2\/media\/40758"}],"wp:attachment":[{"href":"https:\/\/sundar.be\/fr\/wp-json\/wp\/v2\/media?parent=40934"}],"wp:term":[{"taxonomy":"product_brand","embeddable":true,"href":"https:\/\/sundar.be\/fr\/wp-json\/wp\/v2\/product_brand?post=40934"},{"taxonomy":"product_cat","embeddable":true,"href":"https:\/\/sundar.be\/fr\/wp-json\/wp\/v2\/product_cat?post=40934"},{"taxonomy":"product_tag","embeddable":true,"href":"https:\/\/sundar.be\/fr\/wp-json\/wp\/v2\/product_tag?post=40934"}],"curies":[{"name":"wp","href":"https:\/\/api.w.org\/{rel}","templated":true}]}}