{"id":40931,"date":"2024-09-01T07:00:04","date_gmt":"2024-09-01T05:00:04","guid":{"rendered":"https:\/\/sundar.be\/product\/chi-aromassage-roses\/"},"modified":"2025-05-20T08:18:05","modified_gmt":"2025-05-20T06:18:05","slug":"chi-aromassage-roses","status":"publish","type":"product","link":"https:\/\/sundar.be\/fr\/produit\/chi-aromassage-roses\/","title":{"rendered":"Chi Aromassage Roses"},"content":{"rendered":"<p>Dans Aromassage Roses, la base d&rsquo;huile de jojoba et d&rsquo;huile d&rsquo;amande est combin\u00e9e \u00e0 l&rsquo;huile essentielle pure de rose bulgare. Cette combinaison unique convient parfaitement aux peaux sensibles, aux peaux de b\u00e9b\u00e9 et aux peaux plus \u00e2g\u00e9es, mais constitue un v\u00e9ritable plaisir pour tous les types de peau. Le parfum de la pr\u00e9cieuse huile de rose ouvre nos c\u0153urs et cr\u00e9e l&rsquo;harmonie.  <\/p>\n","protected":false},"excerpt":{"rendered":"<p>Huile de massage \u00e0 base d&rsquo;huile essentielle de rose.<\/p>\n","protected":false},"featured_media":40702,"comment_status":"open","ping_status":"closed","template":"","meta":{"_acf_changed":false},"product_brand":[],"product_cat":[5676,4225,4223],"product_tag":[4231],"class_list":{"0":"post-40931","1":"product","2":"type-product","3":"status-publish","4":"has-post-thumbnail","6":"product_cat-chi-natural-life-massage","7":"product_cat-huiles-de-massage-lotions","8":"product_cat-massage-fr-webshop-fr","9":"product_tag-huile-de-massage","10":"pa_inhoud-100-ml-fr","11":"pa_inhoud-500-ml-fr","13":"first","14":"instock","15":"taxable","16":"shipping-taxable","17":"product-type-variable"},"acf":[],"_links":{"self":[{"href":"https:\/\/sundar.be\/fr\/wp-json\/wp\/v2\/product\/40931","targetHints":{"allow":["GET"]}}],"collection":[{"href":"https:\/\/sundar.be\/fr\/wp-json\/wp\/v2\/product"}],"about":[{"href":"https:\/\/sundar.be\/fr\/wp-json\/wp\/v2\/types\/product"}],"replies":[{"embeddable":true,"href":"https:\/\/sundar.be\/fr\/wp-json\/wp\/v2\/comments?post=40931"}],"wp:featuredmedia":[{"embeddable":true,"href":"https:\/\/sundar.be\/fr\/wp-json\/wp\/v2\/media\/40702"}],"wp:attachment":[{"href":"https:\/\/sundar.be\/fr\/wp-json\/wp\/v2\/media?parent=40931"}],"wp:term":[{"taxonomy":"product_brand","embeddable":true,"href":"https:\/\/sundar.be\/fr\/wp-json\/wp\/v2\/product_brand?post=40931"},{"taxonomy":"product_cat","embeddable":true,"href":"https:\/\/sundar.be\/fr\/wp-json\/wp\/v2\/product_cat?post=40931"},{"taxonomy":"product_tag","embeddable":true,"href":"https:\/\/sundar.be\/fr\/wp-json\/wp\/v2\/product_tag?post=40931"}],"curies":[{"name":"wp","href":"https:\/\/api.w.org\/{rel}","templated":true}]}}