{"id":40928,"date":"2024-09-01T07:00:18","date_gmt":"2024-09-01T05:00:18","guid":{"rendered":"https:\/\/sundar.be\/product\/chi-aromassage-citrusfun\/"},"modified":"2025-05-20T08:15:59","modified_gmt":"2025-05-20T06:15:59","slug":"chi-aromassage-citrusfun","status":"publish","type":"product","link":"https:\/\/sundar.be\/fr\/produit\/chi-aromassage-citrusfun\/","title":{"rendered":"Chi Aromassage Citrusfun"},"content":{"rendered":"<p>Aromassage Citrusfun est une huile de massage d\u00e9licieuse, fra\u00eeche, a\u00e9rienne, fruit\u00e9e, festive et joyeuse. A la base de jojoba et d&rsquo;amande ont \u00e9t\u00e9 ajout\u00e9es des huiles essentielles de 7 agrumes frais et fruit\u00e9s : de la bergamote \u00e0 l&rsquo;orange. Pour un parfum floral suppl\u00e9mentaire, du n\u00e9roli (fleur d&rsquo;oranger) a \u00e9galement \u00e9t\u00e9 ajout\u00e9. Le r\u00e9sultat est une huile de massage d\u00e9licieusement fra\u00eeche, \u00e0 la fois stimulante et relaxante, qui apporte de la gaiet\u00e9 dans votre maison !   <\/p>\n","protected":false},"excerpt":{"rendered":"<p>Aromassage Citrusfun est une huile de massage d\u00e9licieuse, fra\u00eeche, a\u00e9rienne, fruit\u00e9e, festive et joyeuse.<\/p>\n","protected":false},"featured_media":40722,"comment_status":"open","ping_status":"closed","template":"","meta":{"_acf_changed":false},"product_brand":[],"product_cat":[5676,4225,4223],"product_tag":[4231],"class_list":{"0":"post-40928","1":"product","2":"type-product","3":"status-publish","4":"has-post-thumbnail","6":"product_cat-chi-natural-life-massage","7":"product_cat-huiles-de-massage-lotions","8":"product_cat-massage-fr-webshop-fr","9":"product_tag-huile-de-massage","10":"pa_inhoud-100-ml-fr","11":"pa_inhoud-500-ml-fr","13":"first","14":"instock","15":"taxable","16":"shipping-taxable","17":"product-type-variable"},"acf":[],"_links":{"self":[{"href":"https:\/\/sundar.be\/fr\/wp-json\/wp\/v2\/product\/40928","targetHints":{"allow":["GET"]}}],"collection":[{"href":"https:\/\/sundar.be\/fr\/wp-json\/wp\/v2\/product"}],"about":[{"href":"https:\/\/sundar.be\/fr\/wp-json\/wp\/v2\/types\/product"}],"replies":[{"embeddable":true,"href":"https:\/\/sundar.be\/fr\/wp-json\/wp\/v2\/comments?post=40928"}],"wp:featuredmedia":[{"embeddable":true,"href":"https:\/\/sundar.be\/fr\/wp-json\/wp\/v2\/media\/40722"}],"wp:attachment":[{"href":"https:\/\/sundar.be\/fr\/wp-json\/wp\/v2\/media?parent=40928"}],"wp:term":[{"taxonomy":"product_brand","embeddable":true,"href":"https:\/\/sundar.be\/fr\/wp-json\/wp\/v2\/product_brand?post=40928"},{"taxonomy":"product_cat","embeddable":true,"href":"https:\/\/sundar.be\/fr\/wp-json\/wp\/v2\/product_cat?post=40928"},{"taxonomy":"product_tag","embeddable":true,"href":"https:\/\/sundar.be\/fr\/wp-json\/wp\/v2\/product_tag?post=40928"}],"curies":[{"name":"wp","href":"https:\/\/api.w.org\/{rel}","templated":true}]}}