{"id":40925,"date":"2024-09-01T07:00:14","date_gmt":"2024-09-01T05:00:14","guid":{"rendered":"https:\/\/sundar.be\/product\/chi-aromassage-neck-shoulder\/"},"modified":"2025-05-20T08:16:07","modified_gmt":"2025-05-20T06:16:07","slug":"chi-aromassage-neck-shoulder","status":"publish","type":"product","link":"https:\/\/sundar.be\/fr\/produit\/chi-aromassage-neck-shoulder\/","title":{"rendered":"Chi Aromassage Neck  Shoulder"},"content":{"rendered":"<p>Aromassage Neck &amp; Shoulder est une huile de massage efficace enrichie d&rsquo;huiles essentielles telles que la marjolaine douce et la camomille onctueuse. De plus, de l&rsquo;huile de menthe poivr\u00e9e rafra\u00eechissante a \u00e9t\u00e9 ajout\u00e9e \u00e0 cette huile de massage. Cette huile convient donc parfaitement au massage des muscles. Cet aromassage, associ\u00e9 \u00e0 un massage relaxant, permet de d\u00e9tendre les muscles particuli\u00e8rement raides de la nuque et des \u00e9paules. Cette huile a \u00e9galement un effet apaisant sur la t\u00eate. Il suffit de l&rsquo;appliquer et de la faire p\u00e9n\u00e9trer pour obtenir des r\u00e9sultats \u00e9tonnants.     <\/p>\n","protected":false},"excerpt":{"rendered":"<p>Aromassage Neck  Shoulder est une huile de massage efficace enrichie d&rsquo;huiles essentielles telles que la marjolaine douce et la camomille onctueuse.<\/p>\n","protected":false},"featured_media":40767,"comment_status":"open","ping_status":"closed","template":"","meta":{"_acf_changed":false},"product_brand":[],"product_cat":[5676,4225,4223],"product_tag":[4231],"class_list":{"0":"post-40925","1":"product","2":"type-product","3":"status-publish","4":"has-post-thumbnail","6":"product_cat-chi-natural-life-massage","7":"product_cat-huiles-de-massage-lotions","8":"product_cat-massage-fr-webshop-fr","9":"product_tag-huile-de-massage","10":"pa_inhoud-100-ml-fr","11":"pa_inhoud-500-ml-fr","13":"first","14":"instock","15":"taxable","16":"shipping-taxable","17":"product-type-variable"},"acf":[],"_links":{"self":[{"href":"https:\/\/sundar.be\/fr\/wp-json\/wp\/v2\/product\/40925","targetHints":{"allow":["GET"]}}],"collection":[{"href":"https:\/\/sundar.be\/fr\/wp-json\/wp\/v2\/product"}],"about":[{"href":"https:\/\/sundar.be\/fr\/wp-json\/wp\/v2\/types\/product"}],"replies":[{"embeddable":true,"href":"https:\/\/sundar.be\/fr\/wp-json\/wp\/v2\/comments?post=40925"}],"wp:featuredmedia":[{"embeddable":true,"href":"https:\/\/sundar.be\/fr\/wp-json\/wp\/v2\/media\/40767"}],"wp:attachment":[{"href":"https:\/\/sundar.be\/fr\/wp-json\/wp\/v2\/media?parent=40925"}],"wp:term":[{"taxonomy":"product_brand","embeddable":true,"href":"https:\/\/sundar.be\/fr\/wp-json\/wp\/v2\/product_brand?post=40925"},{"taxonomy":"product_cat","embeddable":true,"href":"https:\/\/sundar.be\/fr\/wp-json\/wp\/v2\/product_cat?post=40925"},{"taxonomy":"product_tag","embeddable":true,"href":"https:\/\/sundar.be\/fr\/wp-json\/wp\/v2\/product_tag?post=40925"}],"curies":[{"name":"wp","href":"https:\/\/api.w.org\/{rel}","templated":true}]}}