{"id":40922,"date":"2024-09-01T07:00:14","date_gmt":"2024-09-01T05:00:14","guid":{"rendered":"https:\/\/sundar.be\/product\/chi-aromassage-cool-recovery\/"},"modified":"2025-05-20T08:16:22","modified_gmt":"2025-05-20T06:16:22","slug":"chi-aromassage-cool-recovery","status":"publish","type":"product","link":"https:\/\/sundar.be\/fr\/produit\/chi-aromassage-cool-recovery\/","title":{"rendered":"Chi Aromassage Cool Recovery"},"content":{"rendered":"<p>Aromassage Cool Recovery est l&rsquo;huile de massage id\u00e9ale apr\u00e8s l&rsquo;effort. L&rsquo;huile rafra\u00eechit la peau et stimule l&rsquo;\u00e9limination des d\u00e9chets. Plusieurs huiles essentielles efficaces ont \u00e9t\u00e9 ajout\u00e9es \u00e0 la base d&rsquo;amande, de jojoba et du mac\u00e9rat d&rsquo;arnica, tonique musculaire bien connu. L&rsquo;huile essentielle de citron assure une bonne circulation et donc l&rsquo;\u00e9limination des d\u00e9chets. L&rsquo;h\u00e9licryse et la lavande, associ\u00e9es \u00e0 l&rsquo;arnica, assurent la r\u00e9cup\u00e9ration musculaire et soutiennent la capacit\u00e9 de r\u00e9g\u00e9n\u00e9ration de la peau. La menthe verte et la menthe poivr\u00e9e d\u00e9tendent et rafra\u00eechissent la peau. Ces huiles font de l&rsquo;Aromassage Cool Recovery une huile de soutien pour r\u00e9parer les muscles pendant l&rsquo;exercice et stimuler la capacit\u00e9 de r\u00e9g\u00e9n\u00e9ration de la peau.      <\/p>\n","protected":false},"excerpt":{"rendered":"<p>Aromassage Cool Recovery est l&rsquo;huile de massage id\u00e9ale apr\u00e8s l&rsquo;effort.<\/p>\n","protected":false},"featured_media":40736,"comment_status":"open","ping_status":"closed","template":"","meta":{"_acf_changed":false},"product_brand":[],"product_cat":[5676,4225,4223],"product_tag":[4231],"class_list":{"0":"post-40922","1":"product","2":"type-product","3":"status-publish","4":"has-post-thumbnail","6":"product_cat-chi-natural-life-massage","7":"product_cat-huiles-de-massage-lotions","8":"product_cat-massage-fr-webshop-fr","9":"product_tag-huile-de-massage","10":"pa_inhoud-100-ml-fr","11":"pa_inhoud-500-ml-fr","13":"first","14":"instock","15":"taxable","16":"shipping-taxable","17":"product-type-variable"},"acf":[],"_links":{"self":[{"href":"https:\/\/sundar.be\/fr\/wp-json\/wp\/v2\/product\/40922","targetHints":{"allow":["GET"]}}],"collection":[{"href":"https:\/\/sundar.be\/fr\/wp-json\/wp\/v2\/product"}],"about":[{"href":"https:\/\/sundar.be\/fr\/wp-json\/wp\/v2\/types\/product"}],"replies":[{"embeddable":true,"href":"https:\/\/sundar.be\/fr\/wp-json\/wp\/v2\/comments?post=40922"}],"wp:featuredmedia":[{"embeddable":true,"href":"https:\/\/sundar.be\/fr\/wp-json\/wp\/v2\/media\/40736"}],"wp:attachment":[{"href":"https:\/\/sundar.be\/fr\/wp-json\/wp\/v2\/media?parent=40922"}],"wp:term":[{"taxonomy":"product_brand","embeddable":true,"href":"https:\/\/sundar.be\/fr\/wp-json\/wp\/v2\/product_brand?post=40922"},{"taxonomy":"product_cat","embeddable":true,"href":"https:\/\/sundar.be\/fr\/wp-json\/wp\/v2\/product_cat?post=40922"},{"taxonomy":"product_tag","embeddable":true,"href":"https:\/\/sundar.be\/fr\/wp-json\/wp\/v2\/product_tag?post=40922"}],"curies":[{"name":"wp","href":"https:\/\/api.w.org\/{rel}","templated":true}]}}