{"id":40920,"date":"2024-09-01T07:00:22","date_gmt":"2024-09-01T05:00:22","guid":{"rendered":"https:\/\/sundar.be\/product\/huile-damande-1000-ml\/"},"modified":"2025-05-20T08:08:23","modified_gmt":"2025-05-20T06:08:23","slug":"huile-damande-1000-ml","status":"publish","type":"product","link":"https:\/\/sundar.be\/fr\/produit\/huile-damande-1000-ml\/","title":{"rendered":"Huile d&rsquo;Amande, 1000 ml"},"content":{"rendered":"<div>L&rsquo;huile d&rsquo;amande a un effet apaisant et adoucissant tout en d\u00e9sinfectant la peau.<\/div>\n<div><\/div>\n<div>Elle convient tr\u00e8s bien comme huile de massage, en raison de sa texture grasse, et peut \u00eatre utilis\u00e9e m\u00e9lang\u00e9e ou non \u00e0 d&rsquo;autres huiles.<\/div>\n<div>Peut \u00e9galement \u00eatre utilis\u00e9 pour pr\u00e9parer les peaux plus dures au tatouage, par exemple les coudes et les mains.<\/div>\n","protected":false},"excerpt":{"rendered":"<p>Huile naturelle pour le massage et le soin de la peau et des cuticules.<\/p>\n","protected":false},"featured_media":40862,"comment_status":"open","ping_status":"closed","template":"","meta":{"_acf_changed":false},"product_brand":[],"product_cat":[4227,4225,4223],"product_tag":[4231],"class_list":{"0":"post-40920","1":"product","2":"type-product","3":"status-publish","4":"has-post-thumbnail","6":"product_cat-massage-lotions-de-massage","7":"product_cat-huiles-de-massage-lotions","8":"product_cat-massage-fr-webshop-fr","9":"product_tag-huile-de-massage","11":"first","12":"instock","13":"taxable","14":"shipping-taxable","15":"product-type-simple"},"acf":[],"_links":{"self":[{"href":"https:\/\/sundar.be\/fr\/wp-json\/wp\/v2\/product\/40920","targetHints":{"allow":["GET"]}}],"collection":[{"href":"https:\/\/sundar.be\/fr\/wp-json\/wp\/v2\/product"}],"about":[{"href":"https:\/\/sundar.be\/fr\/wp-json\/wp\/v2\/types\/product"}],"replies":[{"embeddable":true,"href":"https:\/\/sundar.be\/fr\/wp-json\/wp\/v2\/comments?post=40920"}],"wp:featuredmedia":[{"embeddable":true,"href":"https:\/\/sundar.be\/fr\/wp-json\/wp\/v2\/media\/40862"}],"wp:attachment":[{"href":"https:\/\/sundar.be\/fr\/wp-json\/wp\/v2\/media?parent=40920"}],"wp:term":[{"taxonomy":"product_brand","embeddable":true,"href":"https:\/\/sundar.be\/fr\/wp-json\/wp\/v2\/product_brand?post=40920"},{"taxonomy":"product_cat","embeddable":true,"href":"https:\/\/sundar.be\/fr\/wp-json\/wp\/v2\/product_cat?post=40920"},{"taxonomy":"product_tag","embeddable":true,"href":"https:\/\/sundar.be\/fr\/wp-json\/wp\/v2\/product_tag?post=40920"}],"curies":[{"name":"wp","href":"https:\/\/api.w.org\/{rel}","templated":true}]}}