{"id":40919,"date":"2024-09-01T07:00:25","date_gmt":"2024-09-01T05:00:25","guid":{"rendered":"https:\/\/sundar.be\/product\/chi-lavinchi-huile-de-massage-150-ml\/"},"modified":"2025-05-20T08:08:11","modified_gmt":"2025-05-20T06:08:11","slug":"chi-lavinchi-huile-de-massage-150-ml","status":"publish","type":"product","link":"https:\/\/sundar.be\/fr\/produit\/chi-lavinchi-huile-de-massage-150-ml\/","title":{"rendered":"Chi Lavinchi Huile de Massage, 150 ml"},"content":{"rendered":"<div class=\"single-product-overview-details__product-tab-text single-product-overview-details__product-tab-text--is-active\" data-tab=\"description\">\n<div class=\"single-product-overview-details__product-tab-text-description\">L&rsquo;huile de massage Lavinchi associe l&rsquo;huile relaxante Lavinchi aux excellentes propri\u00e9t\u00e9s de soin de la peau des huiles pures d&rsquo;amande douce et de jojoba. Votre corps et votre esprit sont revitalis\u00e9s par une relaxation profonde. <\/div>\n<\/div>\n","protected":false},"excerpt":{"rendered":"<p>Huile de massage pour la relaxation et la d\u00e9tente.<\/p>\n","protected":false},"featured_media":40871,"comment_status":"open","ping_status":"closed","template":"","meta":{"_acf_changed":false},"product_brand":[],"product_cat":[6090,5676,6106,4225,4223,4972],"product_tag":[4231],"class_list":{"0":"post-40919","1":"product","2":"type-product","3":"status-publish","4":"has-post-thumbnail","6":"product_cat-chi-natural-life","7":"product_cat-chi-natural-life-massage","8":"product_cat-chi-soin-de-la-peau","9":"product_cat-huiles-de-massage-lotions","10":"product_cat-massage-fr-webshop-fr","11":"product_cat-nos-marques","12":"product_tag-huile-de-massage","13":"pa_inhoud-1000-ml-fr","14":"pa_inhoud-150ml-fr","16":"first","17":"instock","18":"taxable","19":"shipping-taxable","20":"product-type-variable"},"acf":[],"_links":{"self":[{"href":"https:\/\/sundar.be\/fr\/wp-json\/wp\/v2\/product\/40919","targetHints":{"allow":["GET"]}}],"collection":[{"href":"https:\/\/sundar.be\/fr\/wp-json\/wp\/v2\/product"}],"about":[{"href":"https:\/\/sundar.be\/fr\/wp-json\/wp\/v2\/types\/product"}],"replies":[{"embeddable":true,"href":"https:\/\/sundar.be\/fr\/wp-json\/wp\/v2\/comments?post=40919"}],"wp:featuredmedia":[{"embeddable":true,"href":"https:\/\/sundar.be\/fr\/wp-json\/wp\/v2\/media\/40871"}],"wp:attachment":[{"href":"https:\/\/sundar.be\/fr\/wp-json\/wp\/v2\/media?parent=40919"}],"wp:term":[{"taxonomy":"product_brand","embeddable":true,"href":"https:\/\/sundar.be\/fr\/wp-json\/wp\/v2\/product_brand?post=40919"},{"taxonomy":"product_cat","embeddable":true,"href":"https:\/\/sundar.be\/fr\/wp-json\/wp\/v2\/product_cat?post=40919"},{"taxonomy":"product_tag","embeddable":true,"href":"https:\/\/sundar.be\/fr\/wp-json\/wp\/v2\/product_tag?post=40919"}],"curies":[{"name":"wp","href":"https:\/\/api.w.org\/{rel}","templated":true}]}}