{"id":40913,"date":"2024-09-01T07:00:28","date_gmt":"2024-09-01T05:00:28","guid":{"rendered":"https:\/\/sundar.be\/product\/volatile-huile-de-massage-jojoba\/"},"modified":"2025-05-20T08:07:40","modified_gmt":"2025-05-20T06:07:40","slug":"volatile-huile-de-massage-jojoba","status":"publish","type":"product","link":"https:\/\/sundar.be\/fr\/produit\/volatile-huile-de-massage-jojoba\/","title":{"rendered":"Volatile Huile de Massage Jojoba"},"content":{"rendered":"<p><span style=\"color: #ef85ab;\"><strong>L&rsquo;huile de massage Volatile Jojoba<\/strong><\/span> est en r\u00e9alit\u00e9 une cire liquide. Bien que l&rsquo;huile de jojoba soit \u00e9paisse, elle ne laisse pas de sensation grasse. Cette huile press\u00e9e \u00e0 froid est r\u00e9put\u00e9e pour ses propri\u00e9t\u00e9s r\u00e9paratrices, hydratantes et \u00e9quilibrantes pour la peau. Gr\u00e2ce \u00e0 sa composition unique, proche du s\u00e9bum naturel de la peau, elle est rapidement absorb\u00e9e sans laisser de film gras. Riche en vitamine E, acides gras essentiels et antioxydants, elle offre une protection naturelle contre la d\u00e9shydratation et le vieillissement pr\u00e9matur\u00e9 de la peau. Convient \u00e0 tous les types de peau, y compris les peaux sensibles et grasses. Particuli\u00e8rement adapt\u00e9e \u00e0 une utilisation lors des massages aux pierres chaudes.      <\/p>\n","protected":false},"excerpt":{"rendered":"<p><span style=\"color: #ef85ab;\"><strong data-start=\"2313\" data-end=\"2346\">L\u2019Huile de Massage Volatile Jojoba<\/strong><\/span> est une huile naturelle et multifonctionnelle qui nourrit et prot\u00e8ge la peau en profondeur. Gr\u00e2ce \u00e0 sa texture l\u00e9g\u00e8re et rapidement absorb\u00e9e, elle est parfaite pour les massages, le soin de la peau et des cheveux. Un must-have pour ceux qui recherchent une huile pure, efficace et naturelle.  <\/p>\n","protected":false},"featured_media":40780,"comment_status":"open","ping_status":"closed","template":"","meta":{"_acf_changed":false},"product_brand":[],"product_cat":[4225,4223,5025],"product_tag":[4231],"class_list":{"0":"post-40913","1":"product","2":"type-product","3":"status-publish","4":"has-post-thumbnail","6":"product_cat-huiles-de-massage-lotions","7":"product_cat-massage-fr-webshop-fr","8":"product_cat-volatile-massage-fr","9":"product_tag-huile-de-massage","10":"pa_inhoud-1000-ml-fr","11":"pa_inhoud-250-ml-fr","13":"first","14":"instock","15":"taxable","16":"shipping-taxable","17":"product-type-variable"},"acf":[],"_links":{"self":[{"href":"https:\/\/sundar.be\/fr\/wp-json\/wp\/v2\/product\/40913","targetHints":{"allow":["GET"]}}],"collection":[{"href":"https:\/\/sundar.be\/fr\/wp-json\/wp\/v2\/product"}],"about":[{"href":"https:\/\/sundar.be\/fr\/wp-json\/wp\/v2\/types\/product"}],"replies":[{"embeddable":true,"href":"https:\/\/sundar.be\/fr\/wp-json\/wp\/v2\/comments?post=40913"}],"wp:featuredmedia":[{"embeddable":true,"href":"https:\/\/sundar.be\/fr\/wp-json\/wp\/v2\/media\/40780"}],"wp:attachment":[{"href":"https:\/\/sundar.be\/fr\/wp-json\/wp\/v2\/media?parent=40913"}],"wp:term":[{"taxonomy":"product_brand","embeddable":true,"href":"https:\/\/sundar.be\/fr\/wp-json\/wp\/v2\/product_brand?post=40913"},{"taxonomy":"product_cat","embeddable":true,"href":"https:\/\/sundar.be\/fr\/wp-json\/wp\/v2\/product_cat?post=40913"},{"taxonomy":"product_tag","embeddable":true,"href":"https:\/\/sundar.be\/fr\/wp-json\/wp\/v2\/product_tag?post=40913"}],"curies":[{"name":"wp","href":"https:\/\/api.w.org\/{rel}","templated":true}]}}