{"id":40912,"date":"2024-09-01T07:00:29","date_gmt":"2024-09-24T14:23:58","guid":{"rendered":"https:\/\/sundar.be\/product\/strictly-pure-huile-de-massage-hot-enjoy-200-ml\/"},"modified":"2025-05-20T08:09:37","modified_gmt":"2025-05-20T06:09:37","slug":"strictly-pure-huile-de-massage-hot-enjoy-200-ml","status":"publish","type":"product","link":"https:\/\/sundar.be\/fr\/produit\/strictly-pure-huile-de-massage-hot-enjoy-200-ml\/","title":{"rendered":"Strictly Pure Huile de Massage Hot  Enjoy, 200 ml"},"content":{"rendered":"<p>Sur la peau, <strong>l\u2019huile de cannelle<\/strong> exerce une action chauffante et stimulante pour la circulation sanguine.<br \/>Ses propri\u00e9t\u00e9s analg\u00e9siques et antispasmodiques apportent une dimension suppl\u00e9mentaire aux huiles de massage utilis\u00e9es dans le traitement des douleurs musculaires et des \u00e9longations.  <\/p>\n<p><strong>L\u2019orange <\/strong>adoucit la peau gerc\u00e9e et les crevasses, et renforce l\u2019\u00e9piderme. Elle soutient la r\u00e9g\u00e9n\u00e9ration des cellules cutan\u00e9es. L\u2019orange a un effet apaisant sur la digestion et un effet tonifiant sur l\u2019esprit. C\u2019est une huile chaleureuse qui nourrit l\u2019\u00e2me, procure un sentiment de joie et am\u00e9liore l\u2019humeur.    <\/p>\n","protected":false},"excerpt":{"rendered":"<p>SP Huile de Massage Hot  Enjoy est une huile de massage compos\u00e9e d&rsquo;un m\u00e9lange d&rsquo;huiles de cannelle, d&rsquo;orange et de citron.<\/p>\n","protected":false},"featured_media":40859,"comment_status":"open","ping_status":"closed","template":"","meta":{"_acf_changed":false},"product_brand":[],"product_cat":[4227,4225,4223],"product_tag":[4231],"class_list":{"0":"post-40912","1":"product","2":"type-product","3":"status-publish","4":"has-post-thumbnail","6":"product_cat-massage-lotions-de-massage","7":"product_cat-huiles-de-massage-lotions","8":"product_cat-massage-fr-webshop-fr","9":"product_tag-huile-de-massage","11":"first","12":"instock","13":"taxable","14":"shipping-taxable","15":"product-type-simple"},"acf":[],"_links":{"self":[{"href":"https:\/\/sundar.be\/fr\/wp-json\/wp\/v2\/product\/40912","targetHints":{"allow":["GET"]}}],"collection":[{"href":"https:\/\/sundar.be\/fr\/wp-json\/wp\/v2\/product"}],"about":[{"href":"https:\/\/sundar.be\/fr\/wp-json\/wp\/v2\/types\/product"}],"replies":[{"embeddable":true,"href":"https:\/\/sundar.be\/fr\/wp-json\/wp\/v2\/comments?post=40912"}],"wp:featuredmedia":[{"embeddable":true,"href":"https:\/\/sundar.be\/fr\/wp-json\/wp\/v2\/media\/40859"}],"wp:attachment":[{"href":"https:\/\/sundar.be\/fr\/wp-json\/wp\/v2\/media?parent=40912"}],"wp:term":[{"taxonomy":"product_brand","embeddable":true,"href":"https:\/\/sundar.be\/fr\/wp-json\/wp\/v2\/product_brand?post=40912"},{"taxonomy":"product_cat","embeddable":true,"href":"https:\/\/sundar.be\/fr\/wp-json\/wp\/v2\/product_cat?post=40912"},{"taxonomy":"product_tag","embeddable":true,"href":"https:\/\/sundar.be\/fr\/wp-json\/wp\/v2\/product_tag?post=40912"}],"curies":[{"name":"wp","href":"https:\/\/api.w.org\/{rel}","templated":true}]}}