{"id":40909,"date":"2024-09-01T07:00:39","date_gmt":"2024-09-01T05:00:39","guid":{"rendered":"https:\/\/sundar.be\/product\/volatile-huile-de-massage-vitalite\/"},"modified":"2025-05-20T08:06:48","modified_gmt":"2025-05-20T06:06:48","slug":"volatile-huile-de-massage-vitalite","status":"publish","type":"product","link":"https:\/\/sundar.be\/fr\/produit\/volatile-huile-de-massage-vitalite\/","title":{"rendered":"Volatile Huile de Massage Vitalit\u00e9"},"content":{"rendered":"<p data-start=\"95\" data-end=\"555\"><span style=\"color: #ef85ab;\"><strong data-start=\"98\" data-end=\"134\">L&rsquo;huile de massage Volatile Vitalit\u00e9<\/strong><\/span> est une huile revigorante et stimulante, sp\u00e9cialement con\u00e7ue pour revitaliser, hydrater et d\u00e9tendre le corps. Gr\u00e2ce \u00e0 la combinaison d&rsquo;huiles v\u00e9g\u00e9tales naturelles et d&rsquo;huiles essentielles de citron, palmarosa, bois de rose et bois de santal, elle aide \u00e0 r\u00e9duire la fatigue, \u00e0 stimuler la circulation sanguine et \u00e0 favoriser une sensation de bien-\u00eatre et d&rsquo;\u00e9nergie. <\/p>\n<p data-start=\"557\" data-end=\"859\">Sa texture l\u00e9g\u00e8re et rapidement absorb\u00e9e laisse la peau douce et hydrat\u00e9e sans r\u00e9sidu gras. Son parfum frais et bois\u00e9 procure un effet stimulant et harmonisant, id\u00e9al pour un massage revitalisant le matin ou apr\u00e8s une journ\u00e9e intense. <\/p>\n<div class=\"product-versions mb-4\"><\/div>\n","protected":false},"excerpt":{"rendered":"<div class=\"product-versions mb-4\"><span style=\"color: #ef85ab;\"><strong data-start=\"3915\" data-end=\"3951\">L&rsquo;huile de massage Volatile Vitalit\u00e9<\/strong><\/span> est le coup de boost parfait pour le corps et l\u2019esprit. Gr\u00e2ce \u00e0 la combinaison rafra\u00eechissante d\u2019huiles essentielles d\u2019agrumes, de palmarosa, de bois de rose et de bois de santal, cette huile aide \u00e0 r\u00e9duire la fatigue, stimuler la circulation sanguine et hydrater la peau. Une huile de massage incontournable pour retrouver \u00e9nergie et fra\u00eecheur gr\u00e2ce \u00e0 une formule naturelle et luxueuse.  <\/div>\n","protected":false},"featured_media":40853,"comment_status":"open","ping_status":"closed","template":"","meta":{"_acf_changed":false},"product_brand":[],"product_cat":[4225,4223,5025],"product_tag":[4231],"class_list":{"0":"post-40909","1":"product","2":"type-product","3":"status-publish","4":"has-post-thumbnail","6":"product_cat-huiles-de-massage-lotions","7":"product_cat-massage-fr-webshop-fr","8":"product_cat-volatile-massage-fr","9":"product_tag-huile-de-massage","10":"pa_inhoud-1000-ml-fr","11":"pa_inhoud-250-ml-fr","13":"first","14":"instock","15":"taxable","16":"shipping-taxable","17":"product-type-variable"},"acf":[],"_links":{"self":[{"href":"https:\/\/sundar.be\/fr\/wp-json\/wp\/v2\/product\/40909","targetHints":{"allow":["GET"]}}],"collection":[{"href":"https:\/\/sundar.be\/fr\/wp-json\/wp\/v2\/product"}],"about":[{"href":"https:\/\/sundar.be\/fr\/wp-json\/wp\/v2\/types\/product"}],"replies":[{"embeddable":true,"href":"https:\/\/sundar.be\/fr\/wp-json\/wp\/v2\/comments?post=40909"}],"wp:featuredmedia":[{"embeddable":true,"href":"https:\/\/sundar.be\/fr\/wp-json\/wp\/v2\/media\/40853"}],"wp:attachment":[{"href":"https:\/\/sundar.be\/fr\/wp-json\/wp\/v2\/media?parent=40909"}],"wp:term":[{"taxonomy":"product_brand","embeddable":true,"href":"https:\/\/sundar.be\/fr\/wp-json\/wp\/v2\/product_brand?post=40909"},{"taxonomy":"product_cat","embeddable":true,"href":"https:\/\/sundar.be\/fr\/wp-json\/wp\/v2\/product_cat?post=40909"},{"taxonomy":"product_tag","embeddable":true,"href":"https:\/\/sundar.be\/fr\/wp-json\/wp\/v2\/product_tag?post=40909"}],"curies":[{"name":"wp","href":"https:\/\/api.w.org\/{rel}","templated":true}]}}