{"id":40905,"date":"2024-09-01T07:00:40","date_gmt":"2024-09-01T05:00:40","guid":{"rendered":"https:\/\/sundar.be\/product\/chi-aromassage-basic-2\/"},"modified":"2025-05-20T08:06:35","modified_gmt":"2025-05-20T06:06:35","slug":"chi-aromassage-basic-2","status":"publish","type":"product","link":"https:\/\/sundar.be\/fr\/produit\/chi-aromassage-basic-2\/","title":{"rendered":"Chi Aromassage Basic 2"},"content":{"rendered":"<p>Une huile de massage et de peau neutre qui peut \u00eatre utilis\u00e9e \u00e0 de nombreuses fins. La combinaison de l&rsquo;huile d&rsquo;amande douce et du jojoba constitue une bonne huile de base polyvalente. L&rsquo;huile peut \u00eatre utilis\u00e9e comme base pour un merveilleux massage du corps ou du visage ou comme base pour les soins quotidiens de la peau (visage). La Basic 2 convient \u00e0 tous les types de peau. Toute huile essentielle peut \u00e9galement \u00eatre ajout\u00e9e \u00e0 la base.    <\/p>\n","protected":false},"excerpt":{"rendered":"<p>Huile de massage neutre pouvant \u00eatre enrichie d&rsquo;huiles essentielles.<\/p>\n","protected":false},"featured_media":40692,"comment_status":"open","ping_status":"closed","template":"","meta":{"_acf_changed":false},"product_brand":[],"product_cat":[5676,4225,4223],"product_tag":[4231],"class_list":{"0":"post-40905","1":"product","2":"type-product","3":"status-publish","4":"has-post-thumbnail","6":"product_cat-chi-natural-life-massage","7":"product_cat-huiles-de-massage-lotions","8":"product_cat-massage-fr-webshop-fr","9":"product_tag-huile-de-massage","10":"pa_inhoud-100-ml-fr","11":"pa_inhoud-1000-ml-fr","12":"pa_inhoud-500-ml-fr","14":"first","15":"instock","16":"taxable","17":"shipping-taxable","18":"product-type-variable"},"acf":[],"_links":{"self":[{"href":"https:\/\/sundar.be\/fr\/wp-json\/wp\/v2\/product\/40905","targetHints":{"allow":["GET"]}}],"collection":[{"href":"https:\/\/sundar.be\/fr\/wp-json\/wp\/v2\/product"}],"about":[{"href":"https:\/\/sundar.be\/fr\/wp-json\/wp\/v2\/types\/product"}],"replies":[{"embeddable":true,"href":"https:\/\/sundar.be\/fr\/wp-json\/wp\/v2\/comments?post=40905"}],"wp:featuredmedia":[{"embeddable":true,"href":"https:\/\/sundar.be\/fr\/wp-json\/wp\/v2\/media\/40692"}],"wp:attachment":[{"href":"https:\/\/sundar.be\/fr\/wp-json\/wp\/v2\/media?parent=40905"}],"wp:term":[{"taxonomy":"product_brand","embeddable":true,"href":"https:\/\/sundar.be\/fr\/wp-json\/wp\/v2\/product_brand?post=40905"},{"taxonomy":"product_cat","embeddable":true,"href":"https:\/\/sundar.be\/fr\/wp-json\/wp\/v2\/product_cat?post=40905"},{"taxonomy":"product_tag","embeddable":true,"href":"https:\/\/sundar.be\/fr\/wp-json\/wp\/v2\/product_tag?post=40905"}],"curies":[{"name":"wp","href":"https:\/\/api.w.org\/{rel}","templated":true}]}}