{"id":40904,"date":"2024-09-01T07:00:40","date_gmt":"2024-09-24T14:21:54","guid":{"rendered":"https:\/\/sundar.be\/product\/strictly-pure-huile-de-massage-love-enjoy-200-ml\/"},"modified":"2025-05-20T08:06:31","modified_gmt":"2025-05-20T06:06:31","slug":"strictly-pure-huile-de-massage-love-enjoy-200-ml","status":"publish","type":"product","link":"https:\/\/sundar.be\/fr\/produit\/strictly-pure-huile-de-massage-love-enjoy-200-ml\/","title":{"rendered":"Strictly Pure Huile de Massage Love  Enjoy, 200 ml"},"content":{"rendered":"<p>Stimulantes, d\u00e9congestionnantes et diur\u00e9tiques sont les principales propri\u00e9t\u00e9s th\u00e9rapeutiques de <strong>l\u2019huile de gen\u00e9vrier<\/strong>. Le gen\u00e9vrier (ainsi que son huile) stimule notamment les reins (Stanic, 1998), ce qui lui conf\u00e8re une action drainante. Les reins produisent alors plus d\u2019urine et l\u2019\u00e9liminent. Cela fait du gen\u00e9vrier une huile pr\u00e9cieuse en cas d\u2019\u0153d\u00e8me, de cellulite, mais aussi comme soutien lors de cures de d\u00e9toxification.<br \/>Cette action stimulante et drainante peut \u00e9galement \u00eatre utilis\u00e9e en cas de troubles rhumatismaux.    <\/p>\n<p>Le <strong>citron <\/strong>est une huile essentielle importante en raison de ses nombreuses propri\u00e9t\u00e9s b\u00e9n\u00e9fiques. C\u2019est l\u2019une des meilleures huiles contre la grippe et le rhume : sa puissante action antibact\u00e9rienne et antivirale en fait un rem\u00e8de id\u00e9al pour d\u00e9sinfecter l\u2019atmosph\u00e8re, par exemple dans une chambre de malade. <\/p>\n<p>La <strong>lavande <\/strong>est principalement utilis\u00e9e pour son parfum d\u00e9licieux et apaisant. Des recherches scientifiques ont montr\u00e9 que le parfum de lavande stimule la production de s\u00e9rotonine dans le corps.<br \/>La s\u00e9rotonine joue un r\u00f4le essentiel dans la r\u00e9gulation des \u00e9motions et influence plusieurs fonctions corporelles, telles que l\u2019humeur et le sommeil.  <\/p>\n<p>Le <strong>parfum de la lavande<\/strong> cr\u00e9erait un sch\u00e9ma de calme et de s\u00e9r\u00e9nit\u00e9 dans le cerveau. Utilisez l\u2019huile essentielle de lavande en cas de nervosit\u00e9 ou d\u2019insomnie. Le parfum de lavande exerce un effet apaisant : sous son influence, on se sent r\u00e9ellement moins d\u00e9prim\u00e9 et plus d\u00e9tendu. L\u2019huile essentielle de lavande est \u00e9galement d\u00e9sinfectante et analg\u00e9sique. Elle est utilis\u00e9e en cas d\u2019inflammations, de contusions, mais aussi pour soigner les plaies.     <\/p>\n","protected":false},"excerpt":{"rendered":"<p>SP Huile de Massage Love  Enjoy est une huile de massage compos\u00e9e d&rsquo;un m\u00e9lange d&rsquo;huile de geni\u00e8vre, d&rsquo;huile de citron et d&rsquo;huile de lavande.<\/p>\n","protected":false},"featured_media":40856,"comment_status":"open","ping_status":"closed","template":"","meta":{"_acf_changed":false},"product_brand":[],"product_cat":[4227,4225,4223],"product_tag":[4231],"class_list":{"0":"post-40904","1":"product","2":"type-product","3":"status-publish","4":"has-post-thumbnail","6":"product_cat-massage-lotions-de-massage","7":"product_cat-huiles-de-massage-lotions","8":"product_cat-massage-fr-webshop-fr","9":"product_tag-huile-de-massage","11":"first","12":"instock","13":"taxable","14":"shipping-taxable","15":"product-type-simple"},"acf":[],"_links":{"self":[{"href":"https:\/\/sundar.be\/fr\/wp-json\/wp\/v2\/product\/40904","targetHints":{"allow":["GET"]}}],"collection":[{"href":"https:\/\/sundar.be\/fr\/wp-json\/wp\/v2\/product"}],"about":[{"href":"https:\/\/sundar.be\/fr\/wp-json\/wp\/v2\/types\/product"}],"replies":[{"embeddable":true,"href":"https:\/\/sundar.be\/fr\/wp-json\/wp\/v2\/comments?post=40904"}],"wp:featuredmedia":[{"embeddable":true,"href":"https:\/\/sundar.be\/fr\/wp-json\/wp\/v2\/media\/40856"}],"wp:attachment":[{"href":"https:\/\/sundar.be\/fr\/wp-json\/wp\/v2\/media?parent=40904"}],"wp:term":[{"taxonomy":"product_brand","embeddable":true,"href":"https:\/\/sundar.be\/fr\/wp-json\/wp\/v2\/product_brand?post=40904"},{"taxonomy":"product_cat","embeddable":true,"href":"https:\/\/sundar.be\/fr\/wp-json\/wp\/v2\/product_cat?post=40904"},{"taxonomy":"product_tag","embeddable":true,"href":"https:\/\/sundar.be\/fr\/wp-json\/wp\/v2\/product_tag?post=40904"}],"curies":[{"name":"wp","href":"https:\/\/api.w.org\/{rel}","templated":true}]}}