{"id":40898,"date":"2024-09-01T07:00:43","date_gmt":"2024-09-01T05:00:43","guid":{"rendered":"https:\/\/sundar.be\/product\/volatile-huile-de-massage-anti-stress\/"},"modified":"2025-05-20T08:05:28","modified_gmt":"2025-05-20T06:05:28","slug":"volatile-huile-de-massage-anti-stress","status":"publish","type":"product","link":"https:\/\/sundar.be\/fr\/produit\/volatile-huile-de-massage-anti-stress\/","title":{"rendered":"Volatile Huile de Massage Anti-Stress"},"content":{"rendered":"<p data-start=\"107\" data-end=\"563\"><span style=\"color: #ef85ab;\"><strong data-start=\"110\" data-end=\"147\">L\u2019Huile de Massage Volatile Anti-Stress <\/strong><\/span>est une huile de massage apaisante et relaxante, sp\u00e9cialement con\u00e7ue pour r\u00e9duire le stress et les tensions. Gr\u00e2ce \u00e0 une synergie d\u2019huiles naturelles, dont la lavande, la bergamote et le jojoba, cette huile offre un effet calmant sur le corps et l\u2019esprit. Sa texture l\u00e9g\u00e8re et soyeuse p\u00e9n\u00e8tre rapidement sans laisser de film gras, laissant la peau douce et nourrie.  <\/p>\n<p data-start=\"565\" data-end=\"763\">Son parfum d\u00e9licat de lavande et d\u2019agrumes favorise une atmosph\u00e8re relaxante, id\u00e9ale pour un massage apaisant apr\u00e8s une journ\u00e9e stressante ou comme rituel du soir.<\/p>\n<div class=\"product-versions mb-4\"><\/div>\n","protected":false},"excerpt":{"rendered":"<p>Huile de massage rafra\u00eechissante et activante. Elle peut aider \u00e0 am\u00e9liorer la concentration. Le gen\u00e9vrier a un effet raffermissant sur la peau.  <\/p>\n<div class=\"product-versions mb-4\"><\/div>\n<div class=\"product-versions mb-4\"><\/div>\n","protected":false},"featured_media":40844,"comment_status":"open","ping_status":"closed","template":"","meta":{"_acf_changed":false},"product_brand":[],"product_cat":[4225,4223,5025],"product_tag":[4231],"class_list":{"0":"post-40898","1":"product","2":"type-product","3":"status-publish","4":"has-post-thumbnail","6":"product_cat-huiles-de-massage-lotions","7":"product_cat-massage-fr-webshop-fr","8":"product_cat-volatile-massage-fr","9":"product_tag-huile-de-massage","10":"pa_inhoud-1000-ml-fr","11":"pa_inhoud-250-ml-fr","13":"first","14":"instock","15":"taxable","16":"shipping-taxable","17":"product-type-variable"},"acf":[],"_links":{"self":[{"href":"https:\/\/sundar.be\/fr\/wp-json\/wp\/v2\/product\/40898","targetHints":{"allow":["GET"]}}],"collection":[{"href":"https:\/\/sundar.be\/fr\/wp-json\/wp\/v2\/product"}],"about":[{"href":"https:\/\/sundar.be\/fr\/wp-json\/wp\/v2\/types\/product"}],"replies":[{"embeddable":true,"href":"https:\/\/sundar.be\/fr\/wp-json\/wp\/v2\/comments?post=40898"}],"wp:featuredmedia":[{"embeddable":true,"href":"https:\/\/sundar.be\/fr\/wp-json\/wp\/v2\/media\/40844"}],"wp:attachment":[{"href":"https:\/\/sundar.be\/fr\/wp-json\/wp\/v2\/media?parent=40898"}],"wp:term":[{"taxonomy":"product_brand","embeddable":true,"href":"https:\/\/sundar.be\/fr\/wp-json\/wp\/v2\/product_brand?post=40898"},{"taxonomy":"product_cat","embeddable":true,"href":"https:\/\/sundar.be\/fr\/wp-json\/wp\/v2\/product_cat?post=40898"},{"taxonomy":"product_tag","embeddable":true,"href":"https:\/\/sundar.be\/fr\/wp-json\/wp\/v2\/product_tag?post=40898"}],"curies":[{"name":"wp","href":"https:\/\/api.w.org\/{rel}","templated":true}]}}