{"id":40895,"date":"2024-09-01T07:00:44","date_gmt":"2024-09-01T05:00:44","guid":{"rendered":"https:\/\/sundar.be\/product\/volatile-huile-de-massage-muscles-surcharges\/"},"modified":"2025-05-20T08:05:01","modified_gmt":"2025-05-20T06:05:01","slug":"volatile-huile-de-massage-muscles-surcharges","status":"publish","type":"product","link":"https:\/\/sundar.be\/fr\/produit\/volatile-huile-de-massage-muscles-surcharges\/","title":{"rendered":"Volatile Huile de Massage Muscles Surcharg\u00e9s"},"content":{"rendered":"<p data-start=\"126\" data-end=\"517\"><span style=\"color: #ef85ab;\"><strong data-start=\"129\" data-end=\"174\">L\u2019Huile de Massage Volatile Muscles Fatigu\u00e9s <\/strong><\/span>est sp\u00e9cialement con\u00e7ue pour soulager les tensions et la fatigue musculaire. Gr\u00e2ce \u00e0 un m\u00e9lange puissant d\u2019huiles naturelles et d\u2019extraits essentiels, cette huile offre une action intens\u00e9ment relaxante et r\u00e9paratrice. Id\u00e9ale apr\u00e8s le sport, un effort physique intense ou simplement pour un moment de d\u00e9tente musculaire.  <\/p>\n<p data-start=\"519\" data-end=\"788\">Les ingr\u00e9dients soigneusement s\u00e9lectionn\u00e9s stimulent la circulation sanguine, r\u00e9duisent les douleurs musculaires et favorisent la r\u00e9cup\u00e9ration. Sa texture l\u00e9g\u00e8re et nourrissante p\u00e9n\u00e8tre rapidement dans la peau sans laisser de sensation collante. <\/p>\n","protected":false},"excerpt":{"rendered":"<p>Cette huile de massage stimule le drainage de l&rsquo;acide lactique accumul\u00e9 dans les muscles. Avec du citron, du cypr\u00e8s, du gen\u00e9vrier et de la lavande. <\/p>\n<div class=\"product-versions mb-4\"><\/div>\n<div class=\"product-versions mb-4\"><\/div>\n","protected":false},"featured_media":40798,"comment_status":"open","ping_status":"closed","template":"","meta":{"_acf_changed":false},"product_brand":[],"product_cat":[4225,4223,5025],"product_tag":[4231],"class_list":{"0":"post-40895","1":"product","2":"type-product","3":"status-publish","4":"has-post-thumbnail","6":"product_cat-huiles-de-massage-lotions","7":"product_cat-massage-fr-webshop-fr","8":"product_cat-volatile-massage-fr","9":"product_tag-huile-de-massage","10":"pa_inhoud-1000-ml-fr","11":"pa_inhoud-250-ml-fr","13":"first","14":"instock","15":"taxable","16":"shipping-taxable","17":"product-type-variable"},"acf":[],"_links":{"self":[{"href":"https:\/\/sundar.be\/fr\/wp-json\/wp\/v2\/product\/40895","targetHints":{"allow":["GET"]}}],"collection":[{"href":"https:\/\/sundar.be\/fr\/wp-json\/wp\/v2\/product"}],"about":[{"href":"https:\/\/sundar.be\/fr\/wp-json\/wp\/v2\/types\/product"}],"replies":[{"embeddable":true,"href":"https:\/\/sundar.be\/fr\/wp-json\/wp\/v2\/comments?post=40895"}],"wp:featuredmedia":[{"embeddable":true,"href":"https:\/\/sundar.be\/fr\/wp-json\/wp\/v2\/media\/40798"}],"wp:attachment":[{"href":"https:\/\/sundar.be\/fr\/wp-json\/wp\/v2\/media?parent=40895"}],"wp:term":[{"taxonomy":"product_brand","embeddable":true,"href":"https:\/\/sundar.be\/fr\/wp-json\/wp\/v2\/product_brand?post=40895"},{"taxonomy":"product_cat","embeddable":true,"href":"https:\/\/sundar.be\/fr\/wp-json\/wp\/v2\/product_cat?post=40895"},{"taxonomy":"product_tag","embeddable":true,"href":"https:\/\/sundar.be\/fr\/wp-json\/wp\/v2\/product_tag?post=40895"}],"curies":[{"name":"wp","href":"https:\/\/api.w.org\/{rel}","templated":true}]}}