{"id":40888,"date":"2024-09-01T07:00:47","date_gmt":"2024-09-24T14:05:07","guid":{"rendered":"https:\/\/sundar.be\/product\/volatile-huile-de-massage-energy\/"},"modified":"2025-05-20T08:04:47","modified_gmt":"2025-05-20T06:04:47","slug":"volatile-huile-de-massage-energy","status":"publish","type":"product","link":"https:\/\/sundar.be\/fr\/produit\/volatile-huile-de-massage-energy\/","title":{"rendered":"Volatile Huile de Massage Energy"},"content":{"rendered":"<p data-start=\"86\" data-end=\"471\"><span style=\"color: #ef85ab;\"><strong data-start=\"109\" data-end=\"141\">L&rsquo;huile de massage Volatile Energy<\/strong><\/span> est une huile de massage revigorante, sp\u00e9cialement formul\u00e9e pour stimuler le corps et l&rsquo;esprit et apporter une nouvelle \u00e9nergie. La combinaison d&rsquo;huiles v\u00e9g\u00e9tales naturelles et d&rsquo;huiles essentielles rafra\u00eechissantes aide \u00e0 d\u00e9tendre les muscles fatigu\u00e9s, \u00e0 favoriser la circulation sanguine et \u00e0 stimuler la vitalit\u00e9. <\/p>\n<p data-start=\"473\" data-end=\"792\">Gr\u00e2ce \u00e0 son puissant m\u00e9lange d&rsquo;<strong data-start=\"484\" data-end=\"542\">eucalyptus, de romarin et de gen\u00e9vrier<\/strong>, cette huile a un effet revigorant et chauffant, id\u00e9ale apr\u00e8s un effort, en cas de fatigue ou pour maintenir les muscles souples. L&rsquo;<strong>huile d&rsquo;amande douce et l&rsquo;huile de jojoba<\/strong> veillent \u00e0 ce que la peau reste douce, nourrie et hydrat\u00e9e.<\/p>\n","protected":false},"excerpt":{"rendered":"<p><span style=\"color: #ef85ab;\"><strong data-start=\"3588\" data-end=\"3620\">L&rsquo;huile de massage Volatile Energy <\/strong><\/span>est une puissante combinaison d\u2019huiles naturelles et d\u2019huiles essentielles stimulantes, aidant \u00e0 r\u00e9duire la fatigue, stimuler la circulation sanguine et d\u00e9tendre les muscles. Gr\u00e2ce \u00e0 l\u2019effet rafra\u00eechissant de l\u2019eucalyptus et du romarin, associ\u00e9 aux propri\u00e9t\u00e9s nourrissantes de l\u2019amande douce et du jojoba, cette huile de massage est id\u00e9ale pour un massage revitalisant et un v\u00e9ritable boost d\u2019\u00e9nergie pour le corps et l\u2019esprit. <\/p>\n<div class=\"product-versions mb-4\"><\/div>\n<div class=\"product-versions mb-4\"><\/div>\n","protected":false},"featured_media":40807,"comment_status":"open","ping_status":"closed","template":"","meta":{"_acf_changed":false},"product_brand":[],"product_cat":[4225,4223,5025],"product_tag":[4231],"class_list":{"0":"post-40888","1":"product","2":"type-product","3":"status-publish","4":"has-post-thumbnail","6":"product_cat-huiles-de-massage-lotions","7":"product_cat-massage-fr-webshop-fr","8":"product_cat-volatile-massage-fr","9":"product_tag-huile-de-massage","10":"pa_inhoud-1000-ml-fr","11":"pa_inhoud-250-ml-fr","13":"first","14":"instock","15":"taxable","16":"shipping-taxable","17":"product-type-variable"},"acf":[],"_links":{"self":[{"href":"https:\/\/sundar.be\/fr\/wp-json\/wp\/v2\/product\/40888","targetHints":{"allow":["GET"]}}],"collection":[{"href":"https:\/\/sundar.be\/fr\/wp-json\/wp\/v2\/product"}],"about":[{"href":"https:\/\/sundar.be\/fr\/wp-json\/wp\/v2\/types\/product"}],"replies":[{"embeddable":true,"href":"https:\/\/sundar.be\/fr\/wp-json\/wp\/v2\/comments?post=40888"}],"wp:featuredmedia":[{"embeddable":true,"href":"https:\/\/sundar.be\/fr\/wp-json\/wp\/v2\/media\/40807"}],"wp:attachment":[{"href":"https:\/\/sundar.be\/fr\/wp-json\/wp\/v2\/media?parent=40888"}],"wp:term":[{"taxonomy":"product_brand","embeddable":true,"href":"https:\/\/sundar.be\/fr\/wp-json\/wp\/v2\/product_brand?post=40888"},{"taxonomy":"product_cat","embeddable":true,"href":"https:\/\/sundar.be\/fr\/wp-json\/wp\/v2\/product_cat?post=40888"},{"taxonomy":"product_tag","embeddable":true,"href":"https:\/\/sundar.be\/fr\/wp-json\/wp\/v2\/product_tag?post=40888"}],"curies":[{"name":"wp","href":"https:\/\/api.w.org\/{rel}","templated":true}]}}