{"id":40885,"date":"2024-09-01T07:00:48","date_gmt":"2024-09-01T05:00:48","guid":{"rendered":"https:\/\/sundar.be\/product\/volatile-huile-de-massage-relaxation\/"},"modified":"2025-05-20T07:57:33","modified_gmt":"2025-05-20T05:57:33","slug":"volatile-huile-de-massage-relaxation","status":"publish","type":"product","link":"https:\/\/sundar.be\/fr\/produit\/volatile-huile-de-massage-relaxation\/","title":{"rendered":"Volatile Huile de Massage Relaxation"},"content":{"rendered":"<p data-start=\"71\" data-end=\"428\">L<span style=\"color: #ef85ab;\"><strong data-start=\"94\" data-end=\"131\">&lsquo;huile de massage Volatile Relaxation<\/strong><\/span> est une huile de massage luxueuse et enti\u00e8rement naturelle, sp\u00e9cialement formul\u00e9e pour apaiser et d\u00e9tendre le corps et l&rsquo;esprit. Le riche m\u00e9lange d&rsquo;huiles v\u00e9g\u00e9tales nourrissantes et d&rsquo;huiles essentielles aromatiques hydrate profond\u00e9ment la peau et procure un effet calmant et harmonisant. <\/p>\n<p data-start=\"430\" data-end=\"881\">Gr\u00e2ce \u00e0 la combinaison de <strong data-start=\"441\" data-end=\"501\">lavande, bergamote, g\u00e9ranium et bois de c\u00e8dre<\/strong>, cette huile a une action d\u00e9tendante, adoucissante et r\u00e9ductrice de stress, tandis que l&rsquo;<strong data-start=\"590\" data-end=\"623\">huile d&rsquo;amande douce et l&rsquo;huile de jojoba<\/strong> <strong data-start=\"632\" data-end=\"670\">prennent soin de la peau, la nourrissent et la maintiennent souple<\/strong>. Le parfum subtil, chaud et floral, cr\u00e9e un moment de pure d\u00e9tente et rend cette huile de massage parfaite pour une utilisation lors d&rsquo;un massage apaisant ou comme soin hydratant pour la peau. <\/p>\n","protected":false},"excerpt":{"rendered":"<p><span style=\"color: #ef85ab;\"><strong data-start=\"4229\" data-end=\"4266\">L&rsquo;huile de massage Volatile Ontspanning<\/strong><\/span> est une puissante combinaison d\u2019huiles naturelles et d\u2019huiles essentielles relaxantes. L\u2019action apaisante de la lavande, de la bergamote et du c\u00e8dre, associ\u00e9e aux propri\u00e9t\u00e9s hydratantes de l\u2019amande douce et du jojoba, procure un effet profond\u00e9ment relaxant et nourrissant. Gr\u00e2ce \u00e0 sa formule \u00e0 absorption lente et non collante, cette huile de massage est id\u00e9ale pour une d\u00e9tente profonde et un moment de pur bien-\u00eatre.  <\/p>\n<div class=\"product-versions mb-4\"><\/div>\n","protected":false},"featured_media":40789,"comment_status":"open","ping_status":"closed","template":"","meta":{"_acf_changed":false},"product_brand":[],"product_cat":[4225,4223,5025],"product_tag":[4231],"class_list":{"0":"post-40885","1":"product","2":"type-product","3":"status-publish","4":"has-post-thumbnail","6":"product_cat-huiles-de-massage-lotions","7":"product_cat-massage-fr-webshop-fr","8":"product_cat-volatile-massage-fr","9":"product_tag-huile-de-massage","10":"pa_inhoud-1000-ml-fr","11":"pa_inhoud-250-ml-fr","13":"first","14":"instock","15":"taxable","16":"shipping-taxable","17":"product-type-variable"},"acf":[],"_links":{"self":[{"href":"https:\/\/sundar.be\/fr\/wp-json\/wp\/v2\/product\/40885","targetHints":{"allow":["GET"]}}],"collection":[{"href":"https:\/\/sundar.be\/fr\/wp-json\/wp\/v2\/product"}],"about":[{"href":"https:\/\/sundar.be\/fr\/wp-json\/wp\/v2\/types\/product"}],"replies":[{"embeddable":true,"href":"https:\/\/sundar.be\/fr\/wp-json\/wp\/v2\/comments?post=40885"}],"wp:featuredmedia":[{"embeddable":true,"href":"https:\/\/sundar.be\/fr\/wp-json\/wp\/v2\/media\/40789"}],"wp:attachment":[{"href":"https:\/\/sundar.be\/fr\/wp-json\/wp\/v2\/media?parent=40885"}],"wp:term":[{"taxonomy":"product_brand","embeddable":true,"href":"https:\/\/sundar.be\/fr\/wp-json\/wp\/v2\/product_brand?post=40885"},{"taxonomy":"product_cat","embeddable":true,"href":"https:\/\/sundar.be\/fr\/wp-json\/wp\/v2\/product_cat?post=40885"},{"taxonomy":"product_tag","embeddable":true,"href":"https:\/\/sundar.be\/fr\/wp-json\/wp\/v2\/product_tag?post=40885"}],"curies":[{"name":"wp","href":"https:\/\/api.w.org\/{rel}","templated":true}]}}