{"id":40882,"date":"2024-09-01T07:00:51","date_gmt":"2024-09-01T05:00:51","guid":{"rendered":"https:\/\/sundar.be\/product\/chi-aromassage-fun-flowers\/"},"modified":"2025-05-20T07:57:24","modified_gmt":"2025-05-20T05:57:24","slug":"chi-aromassage-fun-flowers","status":"publish","type":"product","link":"https:\/\/sundar.be\/fr\/produit\/chi-aromassage-fun-flowers\/","title":{"rendered":"Chi Aromassage Fun Flowers"},"content":{"rendered":"<p>Les huiles essentielles florales, de l&rsquo;huile de rose pure au jasmin en passant par l&rsquo;ylang-ylang, cr\u00e9ent un parfum floral plein de b\u00e9atitude. Cette huile pour la peau et les massages est un pur d\u00e9lice pour la peau et les sens. Elle est id\u00e9ale pour se d\u00e9tendre et r\u00eaver pendant un merveilleux massage. Convient \u00e0 tous ceux qui souhaitent profiter d&rsquo;un parfum d\u00e9licat. Une v\u00e9ritable huile du soir, mais rien n&#8217;emp\u00eache d&rsquo;utiliser Fun Flowers le matin comme un parfum fantastique.    <\/p>\n","protected":false},"excerpt":{"rendered":"<p>Huile de massage aux huiles essentielles de rose pure et de jasmin<\/p>\n","protected":false},"featured_media":40713,"comment_status":"open","ping_status":"closed","template":"","meta":{"_acf_changed":false},"product_brand":[],"product_cat":[5676,4225,4223],"product_tag":[4231],"class_list":{"0":"post-40882","1":"product","2":"type-product","3":"status-publish","4":"has-post-thumbnail","6":"product_cat-chi-natural-life-massage","7":"product_cat-huiles-de-massage-lotions","8":"product_cat-massage-fr-webshop-fr","9":"product_tag-huile-de-massage","10":"pa_inhoud-100-ml-fr","11":"pa_inhoud-500-ml-fr","13":"first","14":"instock","15":"taxable","16":"shipping-taxable","17":"product-type-variable"},"acf":[],"_links":{"self":[{"href":"https:\/\/sundar.be\/fr\/wp-json\/wp\/v2\/product\/40882","targetHints":{"allow":["GET"]}}],"collection":[{"href":"https:\/\/sundar.be\/fr\/wp-json\/wp\/v2\/product"}],"about":[{"href":"https:\/\/sundar.be\/fr\/wp-json\/wp\/v2\/types\/product"}],"replies":[{"embeddable":true,"href":"https:\/\/sundar.be\/fr\/wp-json\/wp\/v2\/comments?post=40882"}],"wp:featuredmedia":[{"embeddable":true,"href":"https:\/\/sundar.be\/fr\/wp-json\/wp\/v2\/media\/40713"}],"wp:attachment":[{"href":"https:\/\/sundar.be\/fr\/wp-json\/wp\/v2\/media?parent=40882"}],"wp:term":[{"taxonomy":"product_brand","embeddable":true,"href":"https:\/\/sundar.be\/fr\/wp-json\/wp\/v2\/product_brand?post=40882"},{"taxonomy":"product_cat","embeddable":true,"href":"https:\/\/sundar.be\/fr\/wp-json\/wp\/v2\/product_cat?post=40882"},{"taxonomy":"product_tag","embeddable":true,"href":"https:\/\/sundar.be\/fr\/wp-json\/wp\/v2\/product_tag?post=40882"}],"curies":[{"name":"wp","href":"https:\/\/api.w.org\/{rel}","templated":true}]}}