{"id":40879,"date":"2024-09-01T07:00:52","date_gmt":"2024-09-01T05:00:52","guid":{"rendered":"https:\/\/sundar.be\/product\/chi-aromassage-wood\/"},"modified":"2025-05-20T07:57:12","modified_gmt":"2025-05-20T05:57:12","slug":"chi-aromassage-wood","status":"publish","type":"product","link":"https:\/\/sundar.be\/fr\/produit\/chi-aromassage-wood\/","title":{"rendered":"Chi Aromassage Wood"},"content":{"rendered":"<p>Aromassage Wood est une huile de massage unique pour un soin ou un massage relaxant et luxueux. Son parfum est \u00e9galement tr\u00e8s appr\u00e9ci\u00e9 des hommes. Cette huile de massage contient des huiles essentielles de bois de santal et de c\u00e8dre qui donnent \u00e0 la peau et \u00e0 l&rsquo;esprit plus d&rsquo;\u00e9quilibre et d&rsquo;\u00e9nergie. Outre le c\u00e8dre, l&rsquo;huile pour la peau se compose de deux types de bois de santal : le Santalum album, doux et relaxant, originaire d&rsquo;Inde, et le Santalum spicatum, plus apaisant et citronn\u00e9, originaire d&rsquo;Australie occidentale. Ces huiles de bois chaudes combin\u00e9es \u00e0 la base d&rsquo;huile d&rsquo;amande et de jojoba ont des effets apaisants, conditionnants et calmants sur n&rsquo;importe quelle peau.    <\/p>\n","protected":false},"excerpt":{"rendered":"<p>Huile de massage unique et \u00e9quilibrante au bois de santal.<\/p>\n","protected":false},"featured_media":40685,"comment_status":"open","ping_status":"closed","template":"","meta":{"_acf_changed":false},"product_brand":[],"product_cat":[5676,4225,4223],"product_tag":[4231],"class_list":{"0":"post-40879","1":"product","2":"type-product","3":"status-publish","4":"has-post-thumbnail","6":"product_cat-chi-natural-life-massage","7":"product_cat-huiles-de-massage-lotions","8":"product_cat-massage-fr-webshop-fr","9":"product_tag-huile-de-massage","10":"pa_inhoud-100-ml-fr","11":"pa_inhoud-500-ml-fr","13":"first","14":"instock","15":"taxable","16":"shipping-taxable","17":"product-type-variable"},"acf":[],"_links":{"self":[{"href":"https:\/\/sundar.be\/fr\/wp-json\/wp\/v2\/product\/40879","targetHints":{"allow":["GET"]}}],"collection":[{"href":"https:\/\/sundar.be\/fr\/wp-json\/wp\/v2\/product"}],"about":[{"href":"https:\/\/sundar.be\/fr\/wp-json\/wp\/v2\/types\/product"}],"replies":[{"embeddable":true,"href":"https:\/\/sundar.be\/fr\/wp-json\/wp\/v2\/comments?post=40879"}],"wp:featuredmedia":[{"embeddable":true,"href":"https:\/\/sundar.be\/fr\/wp-json\/wp\/v2\/media\/40685"}],"wp:attachment":[{"href":"https:\/\/sundar.be\/fr\/wp-json\/wp\/v2\/media?parent=40879"}],"wp:term":[{"taxonomy":"product_brand","embeddable":true,"href":"https:\/\/sundar.be\/fr\/wp-json\/wp\/v2\/product_brand?post=40879"},{"taxonomy":"product_cat","embeddable":true,"href":"https:\/\/sundar.be\/fr\/wp-json\/wp\/v2\/product_cat?post=40879"},{"taxonomy":"product_tag","embeddable":true,"href":"https:\/\/sundar.be\/fr\/wp-json\/wp\/v2\/product_tag?post=40879"}],"curies":[{"name":"wp","href":"https:\/\/api.w.org\/{rel}","templated":true}]}}