{"id":40365,"date":"2024-09-01T07:00:08","date_gmt":"2024-09-01T05:00:08","guid":{"rendered":"https:\/\/sundar.be\/product\/essuie-mains-jetables-blanc-40-x-80-cm-non-tisse-100-pieces\/"},"modified":"2025-08-04T14:27:23","modified_gmt":"2025-08-04T12:27:23","slug":"essuie-mains-jetables-blanc-40-x-80-cm-non-tisse-100-pieces","status":"publish","type":"product","link":"https:\/\/sundar.be\/fr\/produit\/essuie-mains-jetables-blanc-40-x-80-cm-non-tisse-100-pieces\/","title":{"rendered":"Essuie-mains jetables blanc 40 x 80 cm non tiss\u00e9, 100 pi\u00e8ces"},"content":{"rendered":"<p>Les essuie-mains jetables sont une alternative plus hygi\u00e9nique, plus pratique et moins ch\u00e8re que les essuie-mains ordinaires. Chaque essuie-mains a une taille d&rsquo;environ 40\u00d780 cm. La capacit\u00e9 d&rsquo;absorption est tr\u00e8s bonne. Les essuie-mains sont biod\u00e9gradables et ont donc moins d&rsquo;impact sur l&rsquo;environnement.   <\/p>\n","protected":false},"excerpt":{"rendered":"<p>Les essuie-mains jetables sont une alternative plus hygi\u00e9nique, plus pratique et moins ch\u00e8re que les essuie-mains ordinaires. Chaque essuie-mains a une taille d&rsquo;environ 40\u00d780 cm. La capacit\u00e9 d&rsquo;absorption est tr\u00e8s bonne. Les essuie-mains sont biod\u00e9gradables et ont donc moins d&rsquo;impact sur l&rsquo;environnement.<\/p>\n","protected":false},"featured_media":40363,"comment_status":"open","ping_status":"closed","template":"","meta":{"_acf_changed":false},"product_brand":[],"product_cat":[5697,1446,4223,4765,4137,5698],"product_tag":[],"class_list":{"0":"post-40365","1":"product","2":"type-product","3":"status-publish","4":"has-post-thumbnail","6":"product_cat-articles-jetables-ligne-de-bain","7":"product_cat-hygiene-desinfection-fr","8":"product_cat-massage-fr-webshop-fr","9":"product_cat-matriel-de-pratique","10":"product_cat-nettoyage-produits-usage-unique","11":"product_cat-massage-serviettes","13":"first","14":"instock","15":"taxable","16":"shipping-taxable","17":"product-type-simple"},"acf":[],"_links":{"self":[{"href":"https:\/\/sundar.be\/fr\/wp-json\/wp\/v2\/product\/40365","targetHints":{"allow":["GET"]}}],"collection":[{"href":"https:\/\/sundar.be\/fr\/wp-json\/wp\/v2\/product"}],"about":[{"href":"https:\/\/sundar.be\/fr\/wp-json\/wp\/v2\/types\/product"}],"replies":[{"embeddable":true,"href":"https:\/\/sundar.be\/fr\/wp-json\/wp\/v2\/comments?post=40365"}],"wp:featuredmedia":[{"embeddable":true,"href":"https:\/\/sundar.be\/fr\/wp-json\/wp\/v2\/media\/40363"}],"wp:attachment":[{"href":"https:\/\/sundar.be\/fr\/wp-json\/wp\/v2\/media?parent=40365"}],"wp:term":[{"taxonomy":"product_brand","embeddable":true,"href":"https:\/\/sundar.be\/fr\/wp-json\/wp\/v2\/product_brand?post=40365"},{"taxonomy":"product_cat","embeddable":true,"href":"https:\/\/sundar.be\/fr\/wp-json\/wp\/v2\/product_cat?post=40365"},{"taxonomy":"product_tag","embeddable":true,"href":"https:\/\/sundar.be\/fr\/wp-json\/wp\/v2\/product_tag?post=40365"}],"curies":[{"name":"wp","href":"https:\/\/api.w.org\/{rel}","templated":true}]}}