{"id":40342,"date":"2024-09-01T07:00:51","date_gmt":"2024-09-23T10:44:45","guid":{"rendered":"https:\/\/sundar.be\/product\/care-and-more-2-laags-tissues-100-pieces\/"},"modified":"2025-03-13T13:01:45","modified_gmt":"2025-03-13T12:01:45","slug":"care-and-more-2-laags-tissues-100-pieces","status":"publish","type":"product","link":"https:\/\/sundar.be\/fr\/produit\/care-and-more-2-laags-tissues-100-pieces\/","title":{"rendered":"Care and More, 2 -laags Tissues, 100 pi\u00e8ces"},"content":{"rendered":"<p>Tissus cosm\u00e9tiques blancs de qualit\u00e9 standard fabriqu\u00e9s \u00e0 partir de mat\u00e9riaux 100 % recycl\u00e9s, \u00e0 usage polyvalent dans les instituts et les cabinets.<\/p>\n","protected":false},"excerpt":{"rendered":"<p>Tissus cosm\u00e9tiques blancs de qualit\u00e9 standard fabriqu\u00e9s \u00e0 partir de mat\u00e9riaux 100 % recycl\u00e9s, \u00e0 usage polyvalent dans les instituts et les cabinets.<\/p>\n","protected":false},"featured_media":40332,"comment_status":"open","ping_status":"closed","template":"","meta":{"_acf_changed":false},"product_brand":[],"product_cat":[1446,4765,4137],"product_tag":[],"class_list":{"0":"post-40342","1":"product","2":"type-product","3":"status-publish","4":"has-post-thumbnail","6":"product_cat-hygiene-desinfection-fr","7":"product_cat-matriel-de-pratique","8":"product_cat-nettoyage-produits-usage-unique","10":"first","11":"instock","12":"taxable","13":"shipping-taxable","14":"product-type-simple"},"acf":[],"_links":{"self":[{"href":"https:\/\/sundar.be\/fr\/wp-json\/wp\/v2\/product\/40342","targetHints":{"allow":["GET"]}}],"collection":[{"href":"https:\/\/sundar.be\/fr\/wp-json\/wp\/v2\/product"}],"about":[{"href":"https:\/\/sundar.be\/fr\/wp-json\/wp\/v2\/types\/product"}],"replies":[{"embeddable":true,"href":"https:\/\/sundar.be\/fr\/wp-json\/wp\/v2\/comments?post=40342"}],"wp:featuredmedia":[{"embeddable":true,"href":"https:\/\/sundar.be\/fr\/wp-json\/wp\/v2\/media\/40332"}],"wp:attachment":[{"href":"https:\/\/sundar.be\/fr\/wp-json\/wp\/v2\/media?parent=40342"}],"wp:term":[{"taxonomy":"product_brand","embeddable":true,"href":"https:\/\/sundar.be\/fr\/wp-json\/wp\/v2\/product_brand?post=40342"},{"taxonomy":"product_cat","embeddable":true,"href":"https:\/\/sundar.be\/fr\/wp-json\/wp\/v2\/product_cat?post=40342"},{"taxonomy":"product_tag","embeddable":true,"href":"https:\/\/sundar.be\/fr\/wp-json\/wp\/v2\/product_tag?post=40342"}],"curies":[{"name":"wp","href":"https:\/\/api.w.org\/{rel}","templated":true}]}}