{"id":40341,"date":"2024-09-01T07:00:42","date_gmt":"2024-09-23T10:44:44","guid":{"rendered":"https:\/\/sundar.be\/product\/kleenex-tissues-2-laags-20-x-21-cm-100pcs\/"},"modified":"2025-03-13T13:28:44","modified_gmt":"2025-03-13T12:28:44","slug":"kleenex-tissues-2-laags-20-x-21-cm-100pcs","status":"publish","type":"product","link":"https:\/\/sundar.be\/fr\/produit\/kleenex-tissues-2-laags-20-x-21-cm-100pcs\/","title":{"rendered":"Kleenex tissues 2-laags 20 x 21 cm 100pcs"},"content":{"rendered":"<div class=\"wp-site-blocks\">\n<section class=\"single-product-overview-details\">\n<div class=\"single-product-overview-details__product-description\">\n<div class=\"wrapper\">\n<div class=\"single-product-overview-details__product-tab-content\">\n<div class=\"single-product-overview-details__product-tab-text single-product-overview-details__product-tab-text--is-active\" data-tab=\"description\">\n<div class=\"single-product-overview-details__product-tab-text-description\">Les mouchoirs Kleenex sont doux et r\u00e9sistants et conviennent \u00e0 un usage g\u00e9n\u00e9ral.<\/div>\n<\/div>\n<\/div>\n<\/div>\n<\/div>\n<\/section>\n<\/div>\n<div class=\"single-product-overview-details__bought-together\">\n<div class=\"wrapper\">\n<div class=\"single-product-overview-details__products\"><\/div>\n<\/div>\n<\/div>\n<div class=\"msk-woocommerce-related-products\">\n<div class=\"wrapper\"><\/div>\n<\/div>\n","protected":false},"excerpt":{"rendered":"<p>Les mouchoirs Kleenex sont doux et r\u00e9sistants et conviennent \u00e0 un usage g\u00e9n\u00e9ral.<\/p>\n","protected":false},"featured_media":40335,"comment_status":"open","ping_status":"closed","template":"","meta":{"_acf_changed":false},"product_brand":[],"product_cat":[1446,4765,4137],"product_tag":[],"class_list":{"0":"post-40341","1":"product","2":"type-product","3":"status-publish","4":"has-post-thumbnail","6":"product_cat-hygiene-desinfection-fr","7":"product_cat-matriel-de-pratique","8":"product_cat-nettoyage-produits-usage-unique","10":"first","11":"instock","12":"taxable","13":"shipping-taxable","14":"product-type-simple"},"acf":[],"_links":{"self":[{"href":"https:\/\/sundar.be\/fr\/wp-json\/wp\/v2\/product\/40341","targetHints":{"allow":["GET"]}}],"collection":[{"href":"https:\/\/sundar.be\/fr\/wp-json\/wp\/v2\/product"}],"about":[{"href":"https:\/\/sundar.be\/fr\/wp-json\/wp\/v2\/types\/product"}],"replies":[{"embeddable":true,"href":"https:\/\/sundar.be\/fr\/wp-json\/wp\/v2\/comments?post=40341"}],"wp:featuredmedia":[{"embeddable":true,"href":"https:\/\/sundar.be\/fr\/wp-json\/wp\/v2\/media\/40335"}],"wp:attachment":[{"href":"https:\/\/sundar.be\/fr\/wp-json\/wp\/v2\/media?parent=40341"}],"wp:term":[{"taxonomy":"product_brand","embeddable":true,"href":"https:\/\/sundar.be\/fr\/wp-json\/wp\/v2\/product_brand?post=40341"},{"taxonomy":"product_cat","embeddable":true,"href":"https:\/\/sundar.be\/fr\/wp-json\/wp\/v2\/product_cat?post=40341"},{"taxonomy":"product_tag","embeddable":true,"href":"https:\/\/sundar.be\/fr\/wp-json\/wp\/v2\/product_tag?post=40341"}],"curies":[{"name":"wp","href":"https:\/\/api.w.org\/{rel}","templated":true}]}}