{"id":40327,"date":"2024-09-01T07:00:16","date_gmt":"2024-09-01T05:00:16","guid":{"rendered":"https:\/\/sundar.be\/product\/rouleau-de-papier-plastifie\/"},"modified":"2025-08-04T14:27:32","modified_gmt":"2025-08-04T12:27:32","slug":"rouleau-de-papier-plastifie","status":"publish","type":"product","link":"https:\/\/sundar.be\/fr\/produit\/rouleau-de-papier-plastifie\/","title":{"rendered":"Rouleau de papier plastifi\u00e9"},"content":{"rendered":"<div class=\"wp-site-blocks\">\n<section class=\"single-product-overview-details\">\n<div class=\"single-product-overview-details__product-description\">\n<div class=\"wrapper\">\n<div class=\"single-product-overview-details__product-tab-content\">\n<div class=\"single-product-overview-details__product-tab-text single-product-overview-details__product-tab-text--is-active\" data-tab=\"description\">\n<div class=\"single-product-overview-details__product-tab-text-description\">Papier d&rsquo;examen \u00e0 deux plis, recouvert d&rsquo;une couche inf\u00e9rieure plastifi\u00e9e pour fournir une surface imperm\u00e9able.<\/div>\n<\/div>\n<\/div>\n<\/div>\n<\/div>\n<\/section>\n<\/div>\n<div class=\"single-product-overview-details__bought-together\">\n<div class=\"wrapper\">\n<div class=\"single-product-overview-details__products\"><\/div>\n<\/div>\n<\/div>\n<div class=\"msk-woocommerce-related-products\">\n<div class=\"wrapper\"><\/div>\n<\/div>\n","protected":false},"excerpt":{"rendered":"<p>Papier d&rsquo;examen \u00e0 deux plis, recouvert d&rsquo;une couche inf\u00e9rieure plastifi\u00e9e pour fournir une surface imperm\u00e9able.<\/p>\n","protected":false},"featured_media":40317,"comment_status":"open","ping_status":"closed","template":"","meta":{"_acf_changed":false},"product_brand":[],"product_cat":[5697,1446,4223,4765,4137,5701],"product_tag":[],"class_list":{"0":"post-40327","1":"product","2":"type-product","3":"status-publish","4":"has-post-thumbnail","6":"product_cat-articles-jetables-ligne-de-bain","7":"product_cat-hygiene-desinfection-fr","8":"product_cat-massage-fr-webshop-fr","9":"product_cat-matriel-de-pratique","10":"product_cat-nettoyage-produits-usage-unique","11":"product_cat-rouleaux-examen","12":"pa_maat-40-cm-x-50-m-fr","13":"pa_maat-50-cm-x-50-m-fr","14":"pa_maat-59-cm-x-50-m-fr","16":"first","17":"instock","18":"taxable","19":"shipping-taxable","20":"product-type-variable"},"acf":[],"_links":{"self":[{"href":"https:\/\/sundar.be\/fr\/wp-json\/wp\/v2\/product\/40327","targetHints":{"allow":["GET"]}}],"collection":[{"href":"https:\/\/sundar.be\/fr\/wp-json\/wp\/v2\/product"}],"about":[{"href":"https:\/\/sundar.be\/fr\/wp-json\/wp\/v2\/types\/product"}],"replies":[{"embeddable":true,"href":"https:\/\/sundar.be\/fr\/wp-json\/wp\/v2\/comments?post=40327"}],"wp:featuredmedia":[{"embeddable":true,"href":"https:\/\/sundar.be\/fr\/wp-json\/wp\/v2\/media\/40317"}],"wp:attachment":[{"href":"https:\/\/sundar.be\/fr\/wp-json\/wp\/v2\/media?parent=40327"}],"wp:term":[{"taxonomy":"product_brand","embeddable":true,"href":"https:\/\/sundar.be\/fr\/wp-json\/wp\/v2\/product_brand?post=40327"},{"taxonomy":"product_cat","embeddable":true,"href":"https:\/\/sundar.be\/fr\/wp-json\/wp\/v2\/product_cat?post=40327"},{"taxonomy":"product_tag","embeddable":true,"href":"https:\/\/sundar.be\/fr\/wp-json\/wp\/v2\/product_tag?post=40327"}],"curies":[{"name":"wp","href":"https:\/\/api.w.org\/{rel}","templated":true}]}}