{"id":40323,"date":"2024-09-01T07:00:11","date_gmt":"2024-09-01T05:00:11","guid":{"rendered":"https:\/\/sundar.be\/product\/rouleau-de-papier\/"},"modified":"2025-08-04T14:27:29","modified_gmt":"2025-08-04T12:27:29","slug":"rouleau-de-papier","status":"publish","type":"product","link":"https:\/\/sundar.be\/fr\/produit\/rouleau-de-papier\/","title":{"rendered":"Rouleau de papier"},"content":{"rendered":"<p>Rouleau de papier ou papier de banc d&rsquo;examen, ou papier de table d&rsquo;examen. Il s&rsquo;agit d&rsquo;un papier pour divan d&rsquo;examen \u00e0 1 pli, compos\u00e9 de 1 % de cellulose. Le rouleau de papier pour table d&rsquo;examen est un moyen hygi\u00e9nique de prot\u00e9ger la chaise et, bien s\u00fbr, vous-m\u00eame. Ce rouleau de papier \/ papier pour table d&rsquo;examen \u00e0 1 pli est fabriqu\u00e9 \u00e0 partir de mat\u00e9riaux recycl\u00e9s. Le papier de la table d&rsquo;examen est perfor\u00e9 et donc facile \u00e0 d\u00e9chirer.    <\/p>\n","protected":false},"excerpt":{"rendered":"<p>Rouleau de papier ou papier de banc d&rsquo;examen, ou papier de table d&rsquo;examen. Il s&rsquo;agit d&rsquo;un papier pour divan d&rsquo;examen \u00e0 1 pli, compos\u00e9 de 1 % de cellulose. Le rouleau de papier pour table d&rsquo;examen est un moyen hygi\u00e9nique de prot\u00e9ger la chaise et, bien s\u00fbr, vous-m\u00eame. Ce rouleau de papier \/ papier pour [&hellip;]<\/p>\n","protected":false},"featured_media":40312,"comment_status":"open","ping_status":"closed","template":"","meta":{"_acf_changed":false},"product_brand":[],"product_cat":[5697,1446,4223,4765,4137,5701],"product_tag":[],"class_list":{"0":"post-40323","1":"product","2":"type-product","3":"status-publish","4":"has-post-thumbnail","6":"product_cat-articles-jetables-ligne-de-bain","7":"product_cat-hygiene-desinfection-fr","8":"product_cat-massage-fr-webshop-fr","9":"product_cat-matriel-de-pratique","10":"product_cat-nettoyage-produits-usage-unique","11":"product_cat-rouleaux-examen","12":"pa_maat-50-cm-x-150-m-fr","13":"pa_maat-59-cm-x-150-m-fr","15":"first","16":"instock","17":"taxable","18":"shipping-taxable","19":"product-type-variable"},"acf":[],"_links":{"self":[{"href":"https:\/\/sundar.be\/fr\/wp-json\/wp\/v2\/product\/40323","targetHints":{"allow":["GET"]}}],"collection":[{"href":"https:\/\/sundar.be\/fr\/wp-json\/wp\/v2\/product"}],"about":[{"href":"https:\/\/sundar.be\/fr\/wp-json\/wp\/v2\/types\/product"}],"replies":[{"embeddable":true,"href":"https:\/\/sundar.be\/fr\/wp-json\/wp\/v2\/comments?post=40323"}],"wp:featuredmedia":[{"embeddable":true,"href":"https:\/\/sundar.be\/fr\/wp-json\/wp\/v2\/media\/40312"}],"wp:attachment":[{"href":"https:\/\/sundar.be\/fr\/wp-json\/wp\/v2\/media?parent=40323"}],"wp:term":[{"taxonomy":"product_brand","embeddable":true,"href":"https:\/\/sundar.be\/fr\/wp-json\/wp\/v2\/product_brand?post=40323"},{"taxonomy":"product_cat","embeddable":true,"href":"https:\/\/sundar.be\/fr\/wp-json\/wp\/v2\/product_cat?post=40323"},{"taxonomy":"product_tag","embeddable":true,"href":"https:\/\/sundar.be\/fr\/wp-json\/wp\/v2\/product_tag?post=40323"}],"curies":[{"name":"wp","href":"https:\/\/api.w.org\/{rel}","templated":true}]}}