{"id":40306,"date":"2024-09-01T07:00:25","date_gmt":"2024-09-01T05:00:25","guid":{"rendered":"https:\/\/sundar.be\/product\/podotowels-500-pieces\/"},"modified":"2025-08-04T14:27:02","modified_gmt":"2025-08-04T12:27:02","slug":"podotowels-500-pieces","status":"publish","type":"product","link":"https:\/\/sundar.be\/fr\/produit\/podotowels-500-pieces\/","title":{"rendered":"PodoTowels, 500 pi\u00e8ces"},"content":{"rendered":"<div class=\"single-product-overview-details__product-tab-text single-product-overview-details__product-tab-text--is-active\" data-tab=\"description\">\n<div class=\"single-product-overview-details__product-tab-text-description\">Les PodoTowels sont des serviettes pli\u00e9es pratiques pour les patients, dot\u00e9es d&rsquo;une couche inf\u00e9rieure plastifi\u00e9e. Cette couche cr\u00e9e une surface imperm\u00e9able. <\/div>\n<\/div>\n","protected":false},"excerpt":{"rendered":"<p>Les PodoTowels sont des serviettes pli\u00e9es pratiques pour les patients, dot\u00e9es d&rsquo;une couche inf\u00e9rieure plastifi\u00e9e. Cette couche cr\u00e9e une surface imperm\u00e9able.<\/p>\n","protected":false},"featured_media":40292,"comment_status":"open","ping_status":"closed","template":"","meta":{"_acf_changed":false},"product_brand":[],"product_cat":[5697,1446,4223,4765,4137,5698],"product_tag":[],"class_list":{"0":"post-40306","1":"product","2":"type-product","3":"status-publish","4":"has-post-thumbnail","6":"product_cat-articles-jetables-ligne-de-bain","7":"product_cat-hygiene-desinfection-fr","8":"product_cat-massage-fr-webshop-fr","9":"product_cat-matriel-de-pratique","10":"product_cat-nettoyage-produits-usage-unique","11":"product_cat-massage-serviettes","12":"pa_kleur-blauw","13":"pa_kleur-groen","14":"pa_kleur-lavendel","15":"pa_kleur-roze","16":"pa_kleur-wit","17":"pa_kleur-zwart","19":"first","20":"instock","21":"taxable","22":"shipping-taxable","23":"product-type-variable"},"acf":[],"_links":{"self":[{"href":"https:\/\/sundar.be\/fr\/wp-json\/wp\/v2\/product\/40306","targetHints":{"allow":["GET"]}}],"collection":[{"href":"https:\/\/sundar.be\/fr\/wp-json\/wp\/v2\/product"}],"about":[{"href":"https:\/\/sundar.be\/fr\/wp-json\/wp\/v2\/types\/product"}],"replies":[{"embeddable":true,"href":"https:\/\/sundar.be\/fr\/wp-json\/wp\/v2\/comments?post=40306"}],"wp:featuredmedia":[{"embeddable":true,"href":"https:\/\/sundar.be\/fr\/wp-json\/wp\/v2\/media\/40292"}],"wp:attachment":[{"href":"https:\/\/sundar.be\/fr\/wp-json\/wp\/v2\/media?parent=40306"}],"wp:term":[{"taxonomy":"product_brand","embeddable":true,"href":"https:\/\/sundar.be\/fr\/wp-json\/wp\/v2\/product_brand?post=40306"},{"taxonomy":"product_cat","embeddable":true,"href":"https:\/\/sundar.be\/fr\/wp-json\/wp\/v2\/product_cat?post=40306"},{"taxonomy":"product_tag","embeddable":true,"href":"https:\/\/sundar.be\/fr\/wp-json\/wp\/v2\/product_tag?post=40306"}],"curies":[{"name":"wp","href":"https:\/\/api.w.org\/{rel}","templated":true}]}}