{"id":40266,"date":"2024-09-01T07:00:39","date_gmt":"2024-09-23T10:22:18","guid":{"rendered":"https:\/\/sundar.be\/product\/toptwin-voetenschaal\/"},"modified":"2025-03-13T13:32:05","modified_gmt":"2025-03-13T12:32:05","slug":"toptwin-voetenschaal","status":"publish","type":"product","link":"https:\/\/sundar.be\/fr\/produit\/toptwin-voetenschaal\/","title":{"rendered":"TopTwin Voetenschaal"},"content":{"rendered":"<p class=\"p2\">La coque TopTwin est con\u00e7ue pour \u00eatre plus grande et plus large que les coques habituelles. Cela permet de traiter deux pieds l&rsquo;un apr\u00e8s l&rsquo;autre sans intervalle. Le client ne doit pas faire de mouvements suppl\u00e9mentaires entre les deux. Ce n&rsquo;est pas seulement agr\u00e9able pour le client, mais aussi pour le p\u00e9dicure\/podoth\u00e9rapeute. Il gagne du temps en n&rsquo;effectuant pas de mouvements suppl\u00e9mentaires. Cela permet d&rsquo;\u00e9conomiser de l&rsquo;argent. Pour le client, le Top Twin est \u00e9galement beaucoup plus confortable car les jambes ne reposent pas contre ou sur un bord.      <\/p>\n","protected":false},"excerpt":{"rendered":"<p>La coque TopTwin est con\u00e7ue pour \u00eatre plus grande et plus large que les coques habituelles. Cela permet de traiter deux pieds l&rsquo;un apr\u00e8s l&rsquo;autre sans intervalle. Le client ne doit pas faire de mouvements suppl\u00e9mentaires entre les deux. Ce n&rsquo;est pas seulement agr\u00e9able pour le client, mais aussi pour le p\u00e9dicure\/podoth\u00e9rapeute. Il gagne du [&hellip;]<\/p>\n","protected":false},"featured_media":40255,"comment_status":"open","ping_status":"closed","template":"","meta":{"_acf_changed":false},"product_brand":[],"product_cat":[1446,4765,4755,4139],"product_tag":[],"class_list":{"0":"post-40266","1":"product","2":"type-product","3":"status-publish","4":"has-post-thumbnail","6":"product_cat-hygiene-desinfection-fr","7":"product_cat-matriel-de-pratique","8":"product_cat-pedicure","9":"product_cat-nettoyage-protection-personelle","11":"first","12":"instock","13":"taxable","14":"shipping-taxable","15":"product-type-simple"},"acf":[],"_links":{"self":[{"href":"https:\/\/sundar.be\/fr\/wp-json\/wp\/v2\/product\/40266","targetHints":{"allow":["GET"]}}],"collection":[{"href":"https:\/\/sundar.be\/fr\/wp-json\/wp\/v2\/product"}],"about":[{"href":"https:\/\/sundar.be\/fr\/wp-json\/wp\/v2\/types\/product"}],"replies":[{"embeddable":true,"href":"https:\/\/sundar.be\/fr\/wp-json\/wp\/v2\/comments?post=40266"}],"wp:featuredmedia":[{"embeddable":true,"href":"https:\/\/sundar.be\/fr\/wp-json\/wp\/v2\/media\/40255"}],"wp:attachment":[{"href":"https:\/\/sundar.be\/fr\/wp-json\/wp\/v2\/media?parent=40266"}],"wp:term":[{"taxonomy":"product_brand","embeddable":true,"href":"https:\/\/sundar.be\/fr\/wp-json\/wp\/v2\/product_brand?post=40266"},{"taxonomy":"product_cat","embeddable":true,"href":"https:\/\/sundar.be\/fr\/wp-json\/wp\/v2\/product_cat?post=40266"},{"taxonomy":"product_tag","embeddable":true,"href":"https:\/\/sundar.be\/fr\/wp-json\/wp\/v2\/product_tag?post=40266"}],"curies":[{"name":"wp","href":"https:\/\/api.w.org\/{rel}","templated":true}]}}