{"id":40256,"date":"2024-09-01T07:00:31","date_gmt":"2024-09-23T10:19:11","guid":{"rendered":"https:\/\/sundar.be\/product\/tabliers-romed-coat-170x116cm-10pcs\/"},"modified":"2025-03-13T13:39:26","modified_gmt":"2025-03-13T12:39:26","slug":"tabliers-romed-coat-170x116cm-10pcs","status":"publish","type":"product","link":"https:\/\/sundar.be\/fr\/produit\/tabliers-romed-coat-170x116cm-10pcs\/","title":{"rendered":"Tabliers Romed Coat 170x116cm, 10pcs"},"content":{"rendered":"<p>Les tabliers prot\u00e8gent vos v\u00eatements des \u00e9claboussures et autres contaminants. Tabliers Romed coat, bleu, 170x116cm, chacun dans un sac en poly\u00e9thyl\u00e8ne, 10 dans une bo\u00eete. <\/p>\n","protected":false},"excerpt":{"rendered":"<p>Les tabliers prot\u00e8gent vos v\u00eatements des \u00e9claboussures et autres contaminants. Tabliers Romed coat, bleu, 170x116cm, chacun dans un sac en poly\u00e9thyl\u00e8ne, 10 dans une bo\u00eete.<\/p>\n","protected":false},"featured_media":40247,"comment_status":"open","ping_status":"closed","template":"","meta":{"_acf_changed":false},"product_brand":[],"product_cat":[1446,4765,4139],"product_tag":[],"class_list":{"0":"post-40256","1":"product","2":"type-product","3":"status-publish","4":"has-post-thumbnail","6":"product_cat-hygiene-desinfection-fr","7":"product_cat-matriel-de-pratique","8":"product_cat-nettoyage-protection-personelle","10":"first","11":"instock","12":"taxable","13":"shipping-taxable","14":"product-type-simple"},"acf":[],"_links":{"self":[{"href":"https:\/\/sundar.be\/fr\/wp-json\/wp\/v2\/product\/40256","targetHints":{"allow":["GET"]}}],"collection":[{"href":"https:\/\/sundar.be\/fr\/wp-json\/wp\/v2\/product"}],"about":[{"href":"https:\/\/sundar.be\/fr\/wp-json\/wp\/v2\/types\/product"}],"replies":[{"embeddable":true,"href":"https:\/\/sundar.be\/fr\/wp-json\/wp\/v2\/comments?post=40256"}],"wp:featuredmedia":[{"embeddable":true,"href":"https:\/\/sundar.be\/fr\/wp-json\/wp\/v2\/media\/40247"}],"wp:attachment":[{"href":"https:\/\/sundar.be\/fr\/wp-json\/wp\/v2\/media?parent=40256"}],"wp:term":[{"taxonomy":"product_brand","embeddable":true,"href":"https:\/\/sundar.be\/fr\/wp-json\/wp\/v2\/product_brand?post=40256"},{"taxonomy":"product_cat","embeddable":true,"href":"https:\/\/sundar.be\/fr\/wp-json\/wp\/v2\/product_cat?post=40256"},{"taxonomy":"product_tag","embeddable":true,"href":"https:\/\/sundar.be\/fr\/wp-json\/wp\/v2\/product_tag?post=40256"}],"curies":[{"name":"wp","href":"https:\/\/api.w.org\/{rel}","templated":true}]}}