{"id":40249,"date":"2024-09-01T07:00:34","date_gmt":"2024-09-01T05:00:34","guid":{"rendered":"https:\/\/sundar.be\/product\/tabliers-en-plastique-100-pieces-blanc\/"},"modified":"2025-08-04T14:21:01","modified_gmt":"2025-08-04T12:21:01","slug":"tabliers-en-plastique-100-pieces-blanc","status":"publish","type":"product","link":"https:\/\/sundar.be\/fr\/produit\/tabliers-en-plastique-100-pieces-blanc\/","title":{"rendered":"Tabliers en plastique 100 pi\u00e8ces blanc"},"content":{"rendered":"<p>Les tabliers prot\u00e8gent vos v\u00eatements des \u00e9claboussures et autres contaminants.<\/p>\n<ul>\n<li><strong>Contenu :<\/strong> 100 pi\u00e8ces dans un sachet<\/li>\n<li> <strong>Couleur :<\/strong> blanc<\/li>\n<\/ul>\n","protected":false},"excerpt":{"rendered":"<p>Les tabliers prot\u00e8gent vos v\u00eatements des \u00e9claboussures et autres contaminants. Contenu : 100 pi\u00e8ces dans un sachet Couleur : blanc<\/p>\n","protected":false},"featured_media":40236,"comment_status":"open","ping_status":"closed","template":"","meta":{"_acf_changed":false},"product_brand":[],"product_cat":[1446,4765,4139],"product_tag":[],"class_list":{"0":"post-40249","1":"product","2":"type-product","3":"status-publish","4":"has-post-thumbnail","6":"product_cat-hygiene-desinfection-fr","7":"product_cat-matriel-de-pratique","8":"product_cat-nettoyage-protection-personelle","9":"pa_vorm-80x125cm-100-pieces","10":"pa_vorm-80x140cm-100-pieces","11":"pa_vorm-boite-distributrice-80-x-125-cm-100-pieces","13":"first","14":"instock","15":"taxable","16":"shipping-taxable","17":"product-type-variable"},"acf":[],"_links":{"self":[{"href":"https:\/\/sundar.be\/fr\/wp-json\/wp\/v2\/product\/40249","targetHints":{"allow":["GET"]}}],"collection":[{"href":"https:\/\/sundar.be\/fr\/wp-json\/wp\/v2\/product"}],"about":[{"href":"https:\/\/sundar.be\/fr\/wp-json\/wp\/v2\/types\/product"}],"replies":[{"embeddable":true,"href":"https:\/\/sundar.be\/fr\/wp-json\/wp\/v2\/comments?post=40249"}],"wp:featuredmedia":[{"embeddable":true,"href":"https:\/\/sundar.be\/fr\/wp-json\/wp\/v2\/media\/40236"}],"wp:attachment":[{"href":"https:\/\/sundar.be\/fr\/wp-json\/wp\/v2\/media?parent=40249"}],"wp:term":[{"taxonomy":"product_brand","embeddable":true,"href":"https:\/\/sundar.be\/fr\/wp-json\/wp\/v2\/product_brand?post=40249"},{"taxonomy":"product_cat","embeddable":true,"href":"https:\/\/sundar.be\/fr\/wp-json\/wp\/v2\/product_cat?post=40249"},{"taxonomy":"product_tag","embeddable":true,"href":"https:\/\/sundar.be\/fr\/wp-json\/wp\/v2\/product_tag?post=40249"}],"curies":[{"name":"wp","href":"https:\/\/api.w.org\/{rel}","templated":true}]}}