{"id":40241,"date":"2024-09-01T07:00:43","date_gmt":"2024-09-01T05:00:43","guid":{"rendered":"https:\/\/sundar.be\/product\/lunettes-safeview\/"},"modified":"2025-03-13T13:28:20","modified_gmt":"2025-03-13T12:28:20","slug":"lunettes-safeview","status":"publish","type":"product","link":"https:\/\/sundar.be\/fr\/produit\/lunettes-safeview\/","title":{"rendered":"Lunettes Safeview"},"content":{"rendered":"<p>Le meilleur choix de lunettes confortables pour une utilisation dans des conditions o\u00f9 des liquides sont \u00e9clabouss\u00e9s ou pulv\u00e9ris\u00e9s. Des lunettes de s\u00e9curit\u00e9 confortables \u00e0 porter. <\/p>\n<p>Les lunettes de s\u00e9curit\u00e9 SAFEVIEW* sont con\u00e7ues pour \u00eatre utilis\u00e9es dans des conditions o\u00f9 des liquides sont \u00e9clabouss\u00e9s ou pulv\u00e9ris\u00e9s. Un confort de port in\u00e9gal\u00e9 et une apparence attrayante font de SAFEVIEW* la meilleure solution en mati\u00e8re de s\u00e9curit\u00e9. <\/p>\n<p>Les lunettes de s\u00e9curit\u00e9 SAFEVIEW* facilitent le respect des exigences de l\u2019OSHA.<\/p>\n","protected":false},"excerpt":{"rendered":"<p>Le meilleur choix de lunettes confortables pour une utilisation dans des conditions o\u00f9 des liquides sont \u00e9clabouss\u00e9s ou pulv\u00e9ris\u00e9s. Des lunettes de s\u00e9curit\u00e9 confortables \u00e0 porter. Les lunettes de s\u00e9curit\u00e9 SAFEVIEW* sont con\u00e7ues pour \u00eatre utilis\u00e9es dans des conditions o\u00f9 des liquides sont \u00e9clabouss\u00e9s ou pulv\u00e9ris\u00e9s. Un confort de port in\u00e9gal\u00e9 et une apparence attrayante [&hellip;]<\/p>\n","protected":false},"featured_media":40476,"comment_status":"open","ping_status":"closed","template":"","meta":{"_acf_changed":false},"product_brand":[],"product_cat":[1446,4765,4139],"product_tag":[],"class_list":{"0":"post-40241","1":"product","2":"type-product","3":"status-publish","4":"has-post-thumbnail","6":"product_cat-hygiene-desinfection-fr","7":"product_cat-matriel-de-pratique","8":"product_cat-nettoyage-protection-personelle","9":"pa_vorm-cadre-safeview-multi-colour","10":"pa_vorm-lunettes-de-remplacement-safeview-5-pieces","11":"pa_vorm-safeview-lunettes-completes-5-verres-multi-colour","13":"first","14":"instock","15":"taxable","16":"shipping-taxable","17":"product-type-variable"},"acf":[],"_links":{"self":[{"href":"https:\/\/sundar.be\/fr\/wp-json\/wp\/v2\/product\/40241","targetHints":{"allow":["GET"]}}],"collection":[{"href":"https:\/\/sundar.be\/fr\/wp-json\/wp\/v2\/product"}],"about":[{"href":"https:\/\/sundar.be\/fr\/wp-json\/wp\/v2\/types\/product"}],"replies":[{"embeddable":true,"href":"https:\/\/sundar.be\/fr\/wp-json\/wp\/v2\/comments?post=40241"}],"wp:featuredmedia":[{"embeddable":true,"href":"https:\/\/sundar.be\/fr\/wp-json\/wp\/v2\/media\/40476"}],"wp:attachment":[{"href":"https:\/\/sundar.be\/fr\/wp-json\/wp\/v2\/media?parent=40241"}],"wp:term":[{"taxonomy":"product_brand","embeddable":true,"href":"https:\/\/sundar.be\/fr\/wp-json\/wp\/v2\/product_brand?post=40241"},{"taxonomy":"product_cat","embeddable":true,"href":"https:\/\/sundar.be\/fr\/wp-json\/wp\/v2\/product_cat?post=40241"},{"taxonomy":"product_tag","embeddable":true,"href":"https:\/\/sundar.be\/fr\/wp-json\/wp\/v2\/product_tag?post=40241"}],"curies":[{"name":"wp","href":"https:\/\/api.w.org\/{rel}","templated":true}]}}