{"id":40205,"date":"2024-09-01T07:00:52","date_gmt":"2024-09-01T05:00:52","guid":{"rendered":"https:\/\/sundar.be\/product\/podisept\/"},"modified":"2025-12-16T11:46:15","modified_gmt":"2025-12-16T10:46:15","slug":"podisept","status":"publish","type":"product","link":"https:\/\/sundar.be\/fr\/produit\/podisept\/","title":{"rendered":"Podisept"},"content":{"rendered":"<p data-start=\"47\" data-end=\"337\"><span style=\"color: #557e96;\"><strong>Podisept <\/strong><\/span>est un puissant produit de nettoyage professionnel destin\u00e9 au nettoyage en profondeur des instruments m\u00e9talliques fortement contamin\u00e9s, des fraises et des forets. Il a \u00e9t\u00e9 sp\u00e9cialement d\u00e9velopp\u00e9 pour un usage intensif dans les cabinets de p\u00e9dicurie et les instituts de beaut\u00e9 o\u00f9 une hygi\u00e8ne optimale est essentielle. <\/p>\n<p data-start=\"339\" data-end=\"585\">Podisept s\u2019utilise pur et \u00e9limine efficacement les salissures tenaces telles que les r\u00e9sidus de peau et de produits. Il est destin\u00e9 \u00e0 \u00eatre utilis\u00e9 comme \u00e9tape de nettoyage avant la d\u00e9sinfection et constitue un \u00e9l\u00e9ment important d\u2019une proc\u00e9dure d\u2019hygi\u00e8ne correcte. <\/p>\n","protected":false},"excerpt":{"rendered":"<p data-start=\"620\" data-end=\"779\">Un nettoyant puissant pour instruments m\u00e9talliques, fraises et forets fortement encrass\u00e9s. Id\u00e9al comme \u00e9tape pr\u00e9paratoire avant la d\u00e9sinfection en milieu professionnel. <\/p>\n","protected":false},"featured_media":40396,"comment_status":"open","ping_status":"closed","template":"","meta":{"_acf_changed":false},"product_brand":[],"product_cat":[1446,4765,4143,4972,5073],"product_tag":[],"class_list":{"0":"post-40205","1":"product","2":"type-product","3":"status-publish","4":"has-post-thumbnail","6":"product_cat-hygiene-desinfection-fr","7":"product_cat-matriel-de-pratique","8":"product_cat-nettoyage-desinfection-nettoyage","9":"product_cat-nos-marques","10":"product_cat-reymerink-fr","11":"pa_inhoud-1000-ml-fr","12":"pa_inhoud-5000-ml-fr","14":"first","15":"instock","16":"taxable","17":"shipping-taxable","18":"product-type-variable"},"acf":[],"_links":{"self":[{"href":"https:\/\/sundar.be\/fr\/wp-json\/wp\/v2\/product\/40205","targetHints":{"allow":["GET"]}}],"collection":[{"href":"https:\/\/sundar.be\/fr\/wp-json\/wp\/v2\/product"}],"about":[{"href":"https:\/\/sundar.be\/fr\/wp-json\/wp\/v2\/types\/product"}],"replies":[{"embeddable":true,"href":"https:\/\/sundar.be\/fr\/wp-json\/wp\/v2\/comments?post=40205"}],"wp:featuredmedia":[{"embeddable":true,"href":"https:\/\/sundar.be\/fr\/wp-json\/wp\/v2\/media\/40396"}],"wp:attachment":[{"href":"https:\/\/sundar.be\/fr\/wp-json\/wp\/v2\/media?parent=40205"}],"wp:term":[{"taxonomy":"product_brand","embeddable":true,"href":"https:\/\/sundar.be\/fr\/wp-json\/wp\/v2\/product_brand?post=40205"},{"taxonomy":"product_cat","embeddable":true,"href":"https:\/\/sundar.be\/fr\/wp-json\/wp\/v2\/product_cat?post=40205"},{"taxonomy":"product_tag","embeddable":true,"href":"https:\/\/sundar.be\/fr\/wp-json\/wp\/v2\/product_tag?post=40205"}],"curies":[{"name":"wp","href":"https:\/\/api.w.org\/{rel}","templated":true}]}}