{"id":40186,"date":"2024-09-01T07:00:51","date_gmt":"2024-09-01T05:00:51","guid":{"rendered":"https:\/\/sundar.be\/product\/ether-de-petrole-100-ml\/"},"modified":"2025-12-16T11:49:25","modified_gmt":"2025-12-16T10:49:25","slug":"ether-de-petrole-100-ml","status":"publish","type":"product","link":"https:\/\/sundar.be\/fr\/produit\/ether-de-petrole-100-ml\/","title":{"rendered":"Petroleumaether"},"content":{"rendered":"<p data-start=\"54\" data-end=\"370\">Le <span style=\"color: #557e96;\"><strong>p\u00e9trole \u00e9ther <\/strong><\/span>est un auxiliaire professionnel utilis\u00e9 en pratique de p\u00e9dicurie pour durcir les cors mous, afin de permettre un traitement plus pr\u00e9cis et plus efficace. Gr\u00e2ce \u00e0 ses propri\u00e9t\u00e9s \u00e0 \u00e9vaporation rapide, la peau devient temporairement plus s\u00e8che et plus ferme, ce qui facilite le soin. <\/p>\n<p data-start=\"372\" data-end=\"646\">En outre, le p\u00e9trole \u00e9ther est polyvalent comme solvant pour les huiles et les graisses, pour le d\u00e9graissage des instruments et pour l\u2019\u00e9limination des r\u00e9sidus de pansements et de colle sur la peau. Indispensable comme produit de soutien dans un environnement professionnel. <\/p>\n","protected":false},"excerpt":{"rendered":"<p data-start=\"681\" data-end=\"847\">Un auxiliaire professionnel pour durcir les cors mous et \u00e9liminer les graisses, huiles ou r\u00e9sidus de pansements. Id\u00e9al pour une utilisation cibl\u00e9e en cabinet de p\u00e9dicurie. <\/p>\n","protected":false},"featured_media":45864,"comment_status":"open","ping_status":"closed","template":"","meta":{"_acf_changed":false},"product_brand":[],"product_cat":[5271,1446,4765,4143,4972,4755,5073,4999,5058],"product_tag":[],"class_list":{"0":"post-40186","1":"product","2":"type-product","3":"status-publish","4":"has-post-thumbnail","6":"product_cat-cors-au-pieds","7":"product_cat-hygiene-desinfection-fr","8":"product_cat-matriel-de-pratique","9":"product_cat-nettoyage-desinfection-nettoyage","10":"product_cat-nos-marques","11":"product_cat-pedicure","12":"product_cat-reymerink-fr","13":"product_cat-soins-specifique-pieds","14":"product_cat-webshop-fr","15":"pa_inhoud-100-ml-fr","16":"pa_inhoud-1000-ml-fr","18":"first","19":"instock","20":"taxable","21":"shipping-taxable","22":"product-type-variable"},"acf":[],"_links":{"self":[{"href":"https:\/\/sundar.be\/fr\/wp-json\/wp\/v2\/product\/40186","targetHints":{"allow":["GET"]}}],"collection":[{"href":"https:\/\/sundar.be\/fr\/wp-json\/wp\/v2\/product"}],"about":[{"href":"https:\/\/sundar.be\/fr\/wp-json\/wp\/v2\/types\/product"}],"replies":[{"embeddable":true,"href":"https:\/\/sundar.be\/fr\/wp-json\/wp\/v2\/comments?post=40186"}],"wp:featuredmedia":[{"embeddable":true,"href":"https:\/\/sundar.be\/fr\/wp-json\/wp\/v2\/media\/45864"}],"wp:attachment":[{"href":"https:\/\/sundar.be\/fr\/wp-json\/wp\/v2\/media?parent=40186"}],"wp:term":[{"taxonomy":"product_brand","embeddable":true,"href":"https:\/\/sundar.be\/fr\/wp-json\/wp\/v2\/product_brand?post=40186"},{"taxonomy":"product_cat","embeddable":true,"href":"https:\/\/sundar.be\/fr\/wp-json\/wp\/v2\/product_cat?post=40186"},{"taxonomy":"product_tag","embeddable":true,"href":"https:\/\/sundar.be\/fr\/wp-json\/wp\/v2\/product_tag?post=40186"}],"curies":[{"name":"wp","href":"https:\/\/api.w.org\/{rel}","templated":true}]}}