{"id":40182,"date":"2024-09-01T07:00:04","date_gmt":"2024-09-01T05:00:04","guid":{"rendered":"https:\/\/sundar.be\/product\/pedibaehr-metallradierer-pierre-de-nettoyage\/"},"modified":"2025-03-13T17:09:44","modified_gmt":"2025-03-13T16:09:44","slug":"pedibaehr-metallradierer-pierre-de-nettoyage","status":"publish","type":"product","link":"https:\/\/sundar.be\/fr\/produit\/pedibaehr-metallradierer-pierre-de-nettoyage\/","title":{"rendered":"PEDIBAEHR metallradierer (pierre de nettoyage)"},"content":{"rendered":"<ul>\n<li>nettoie les instruments contre les d\u00e9colorations<\/li>\n<li>pas de contrainte mat\u00e9rielle<\/li>\n<li>\u00e9limine les taches en douceur<\/li>\n<li>\u00e0 base de caoutchouc naturel<\/li>\n<\/ul>\n<p class=\"product--title\">5 x 2,9 x 1 cm<\/p>\n","protected":false},"excerpt":{"rendered":"<p>nettoie les instruments contre les d\u00e9colorations pas de contrainte mat\u00e9rielle \u00e9limine les taches en douceur \u00e0 base de caoutchouc naturel 5 x 2,9 x 1 cm<\/p>\n","protected":false},"featured_media":40636,"comment_status":"open","ping_status":"closed","template":"","meta":{"_acf_changed":false},"product_brand":[],"product_cat":[1446,4765,4143,4972,6057],"product_tag":[],"class_list":{"0":"post-40182","1":"product","2":"type-product","3":"status-publish","4":"has-post-thumbnail","6":"product_cat-hygiene-desinfection-fr","7":"product_cat-matriel-de-pratique","8":"product_cat-nettoyage-desinfection-nettoyage","9":"product_cat-nos-marques","10":"product_cat-pedibaehr-fr","12":"first","13":"instock","14":"taxable","15":"shipping-taxable","16":"product-type-simple"},"acf":[],"_links":{"self":[{"href":"https:\/\/sundar.be\/fr\/wp-json\/wp\/v2\/product\/40182","targetHints":{"allow":["GET"]}}],"collection":[{"href":"https:\/\/sundar.be\/fr\/wp-json\/wp\/v2\/product"}],"about":[{"href":"https:\/\/sundar.be\/fr\/wp-json\/wp\/v2\/types\/product"}],"replies":[{"embeddable":true,"href":"https:\/\/sundar.be\/fr\/wp-json\/wp\/v2\/comments?post=40182"}],"wp:featuredmedia":[{"embeddable":true,"href":"https:\/\/sundar.be\/fr\/wp-json\/wp\/v2\/media\/40636"}],"wp:attachment":[{"href":"https:\/\/sundar.be\/fr\/wp-json\/wp\/v2\/media?parent=40182"}],"wp:term":[{"taxonomy":"product_brand","embeddable":true,"href":"https:\/\/sundar.be\/fr\/wp-json\/wp\/v2\/product_brand?post=40182"},{"taxonomy":"product_cat","embeddable":true,"href":"https:\/\/sundar.be\/fr\/wp-json\/wp\/v2\/product_cat?post=40182"},{"taxonomy":"product_tag","embeddable":true,"href":"https:\/\/sundar.be\/fr\/wp-json\/wp\/v2\/product_tag?post=40182"}],"curies":[{"name":"wp","href":"https:\/\/api.w.org\/{rel}","templated":true}]}}