{"id":40179,"date":"2024-09-01T07:00:30","date_gmt":"2024-09-01T05:00:30","guid":{"rendered":"https:\/\/sundar.be\/product\/medisavona\/"},"modified":"2025-03-13T13:40:17","modified_gmt":"2025-03-13T12:40:17","slug":"medisavona","status":"publish","type":"product","link":"https:\/\/sundar.be\/fr\/produit\/medisavona\/","title":{"rendered":"Medisavona"},"content":{"rendered":"<p>Ce savon permet un nettoyage en profondeur. Medisavona est cependant doux car ce savon est compos\u00e9 uniquement de mati\u00e8res premi\u00e8res naturelles et ne contient pas de parfums ni de colorants. M\u00eame en cas d&rsquo;utilisation r\u00e9guli\u00e8re, Medisavona n&rsquo;irrite pas.  <\/p>\n","protected":false},"excerpt":{"rendered":"<p>Ce savon permet un nettoyage en profondeur. Medisavona est cependant doux car ce savon est compos\u00e9 uniquement de mati\u00e8res premi\u00e8res naturelles et ne contient pas de parfums ni de colorants. M\u00eame en cas d&rsquo;utilisation r\u00e9guli\u00e8re, Medisavona n&rsquo;irrite pas.<\/p>\n","protected":false},"featured_media":40525,"comment_status":"open","ping_status":"closed","template":"","meta":{"_acf_changed":false},"product_brand":[],"product_cat":[1446,4765,4143],"product_tag":[],"class_list":{"0":"post-40179","1":"product","2":"type-product","3":"status-publish","4":"has-post-thumbnail","6":"product_cat-hygiene-desinfection-fr","7":"product_cat-matriel-de-pratique","8":"product_cat-nettoyage-desinfection-nettoyage","9":"pa_inhoud-1000-ml-fr","10":"pa_inhoud-500-ml-fr","12":"first","13":"instock","14":"taxable","15":"shipping-taxable","16":"product-type-variable"},"acf":[],"_links":{"self":[{"href":"https:\/\/sundar.be\/fr\/wp-json\/wp\/v2\/product\/40179","targetHints":{"allow":["GET"]}}],"collection":[{"href":"https:\/\/sundar.be\/fr\/wp-json\/wp\/v2\/product"}],"about":[{"href":"https:\/\/sundar.be\/fr\/wp-json\/wp\/v2\/types\/product"}],"replies":[{"embeddable":true,"href":"https:\/\/sundar.be\/fr\/wp-json\/wp\/v2\/comments?post=40179"}],"wp:featuredmedia":[{"embeddable":true,"href":"https:\/\/sundar.be\/fr\/wp-json\/wp\/v2\/media\/40525"}],"wp:attachment":[{"href":"https:\/\/sundar.be\/fr\/wp-json\/wp\/v2\/media?parent=40179"}],"wp:term":[{"taxonomy":"product_brand","embeddable":true,"href":"https:\/\/sundar.be\/fr\/wp-json\/wp\/v2\/product_brand?post=40179"},{"taxonomy":"product_cat","embeddable":true,"href":"https:\/\/sundar.be\/fr\/wp-json\/wp\/v2\/product_cat?post=40179"},{"taxonomy":"product_tag","embeddable":true,"href":"https:\/\/sundar.be\/fr\/wp-json\/wp\/v2\/product_tag?post=40179"}],"curies":[{"name":"wp","href":"https:\/\/api.w.org\/{rel}","templated":true}]}}