{"id":40168,"date":"2024-09-01T07:00:34","date_gmt":"2024-09-23T08:30:29","guid":{"rendered":"https:\/\/sundar.be\/product\/manisoft-medical-500-ml\/"},"modified":"2025-03-13T13:33:40","modified_gmt":"2025-03-13T12:33:40","slug":"manisoft-medical-500-ml","status":"publish","type":"product","link":"https:\/\/sundar.be\/fr\/produit\/manisoft-medical-500-ml\/","title":{"rendered":"Manisoft Medical, 500 ml"},"content":{"rendered":"<div class=\"single-product-overview-details__product-tab-text single-product-overview-details__product-tab-text--is-active\" data-tab=\"description\">\n<div class=\"single-product-overview-details__product-tab-text-description\">Le nettoyant pour les mains et le corps Manisoft\u2122 offre une concentration \u00e9quilibr\u00e9e et efficace d&rsquo;ingr\u00e9dients actifs dans une formule douce. Appr\u00e9ci\u00e9 du personnel soignant et des patients, le produit convient pour un nettoyage fr\u00e9quent des mains et de l&rsquo;ensemble du corps. Ce produit offre une solution \u00e9conomique pour vos proc\u00e9dures quotidiennes de routine de travail. Il est extr\u00eamement rentable et respectueux de votre budget.   <\/div>\n<\/div>\n","protected":false},"excerpt":{"rendered":"<p>La lotion de lavage Manisoft Medical assure un soin doux et respectueux de la peau des mains, m\u00eame en cas de lavages fr\u00e9quents. La lotion lavante douce Manisoft Medical est utilis\u00e9e pour le lavage des mains avant la d\u00e9sinfection des mains. <\/p>\n","protected":false},"featured_media":40499,"comment_status":"open","ping_status":"closed","template":"","meta":{"_acf_changed":false},"product_brand":[],"product_cat":[1446,4765,4143],"product_tag":[],"class_list":{"0":"post-40168","1":"product","2":"type-product","3":"status-publish","4":"has-post-thumbnail","6":"product_cat-hygiene-desinfection-fr","7":"product_cat-matriel-de-pratique","8":"product_cat-nettoyage-desinfection-nettoyage","10":"first","11":"instock","12":"taxable","13":"shipping-taxable","14":"product-type-simple"},"acf":[],"_links":{"self":[{"href":"https:\/\/sundar.be\/fr\/wp-json\/wp\/v2\/product\/40168","targetHints":{"allow":["GET"]}}],"collection":[{"href":"https:\/\/sundar.be\/fr\/wp-json\/wp\/v2\/product"}],"about":[{"href":"https:\/\/sundar.be\/fr\/wp-json\/wp\/v2\/types\/product"}],"replies":[{"embeddable":true,"href":"https:\/\/sundar.be\/fr\/wp-json\/wp\/v2\/comments?post=40168"}],"wp:featuredmedia":[{"embeddable":true,"href":"https:\/\/sundar.be\/fr\/wp-json\/wp\/v2\/media\/40499"}],"wp:attachment":[{"href":"https:\/\/sundar.be\/fr\/wp-json\/wp\/v2\/media?parent=40168"}],"wp:term":[{"taxonomy":"product_brand","embeddable":true,"href":"https:\/\/sundar.be\/fr\/wp-json\/wp\/v2\/product_brand?post=40168"},{"taxonomy":"product_cat","embeddable":true,"href":"https:\/\/sundar.be\/fr\/wp-json\/wp\/v2\/product_cat?post=40168"},{"taxonomy":"product_tag","embeddable":true,"href":"https:\/\/sundar.be\/fr\/wp-json\/wp\/v2\/product_tag?post=40168"}],"curies":[{"name":"wp","href":"https:\/\/api.w.org\/{rel}","templated":true}]}}