{"id":40161,"date":"2024-09-01T07:00:17","date_gmt":"2024-09-01T05:00:17","guid":{"rendered":"https:\/\/sundar.be\/product\/pastilles-50-pieces\/"},"modified":"2025-03-13T13:48:20","modified_gmt":"2025-03-13T12:48:20","slug":"pastilles-50-pieces","status":"publish","type":"product","link":"https:\/\/sundar.be\/fr\/produit\/pastilles-50-pieces\/","title":{"rendered":"Pastilles, 50 pi\u00e8ces"},"content":{"rendered":"<p>Les comprim\u00e9s effervescents sont \u00e0 base de percabonate de sodium. Une fois dissous dans l&rsquo;eau, un liquide effervescent compos\u00e9 de peroxyde d&rsquo;hydrog\u00e8ne et de carbonate de sodium se forme. <\/p>\n<ul>\n<li>Pour 100 ml de liquide contenant 3 % de peroxyde d&rsquo;hydrog\u00e8ne, il faut dissoudre 9 comprim\u00e9s.<\/li>\n<li>Pour 100 ml de liquide contenant 2 % de peroxyde d&rsquo;hydrog\u00e8ne, il faut dissoudre 6 comprim\u00e9s.<\/li>\n<li>Pour 100 ml de liquide contenant 1% de peroxyde d&rsquo;hydrog\u00e8ne, il faut dissoudre 3 comprim\u00e9s.<\/li>\n<\/ul>\n<p><strong>Pour un usage professionnel uniquement.<\/strong><\/p>\n","protected":false},"excerpt":{"rendered":"<p>Les comprim\u00e9s effervescents sont \u00e0 base de percabonate de sodium. Une fois dissous dans l&rsquo;eau, un liquide effervescent compos\u00e9 de peroxyde d&rsquo;hydrog\u00e8ne et de carbonate de sodium se forme. Pour 100 ml de liquide contenant 3 % de peroxyde d&rsquo;hydrog\u00e8ne, il faut dissoudre 9 comprim\u00e9s. Pour 100 ml de liquide contenant 2 % de peroxyde [&hellip;]<\/p>\n","protected":false},"featured_media":40158,"comment_status":"open","ping_status":"closed","template":"","meta":{"_acf_changed":false},"product_brand":[],"product_cat":[1446,4765,4143],"product_tag":[],"class_list":{"0":"post-40161","1":"product","2":"type-product","3":"status-publish","4":"has-post-thumbnail","6":"product_cat-hygiene-desinfection-fr","7":"product_cat-matriel-de-pratique","8":"product_cat-nettoyage-desinfection-nettoyage","10":"first","11":"instock","12":"taxable","13":"shipping-taxable","14":"product-type-simple"},"acf":[],"_links":{"self":[{"href":"https:\/\/sundar.be\/fr\/wp-json\/wp\/v2\/product\/40161","targetHints":{"allow":["GET"]}}],"collection":[{"href":"https:\/\/sundar.be\/fr\/wp-json\/wp\/v2\/product"}],"about":[{"href":"https:\/\/sundar.be\/fr\/wp-json\/wp\/v2\/types\/product"}],"replies":[{"embeddable":true,"href":"https:\/\/sundar.be\/fr\/wp-json\/wp\/v2\/comments?post=40161"}],"wp:featuredmedia":[{"embeddable":true,"href":"https:\/\/sundar.be\/fr\/wp-json\/wp\/v2\/media\/40158"}],"wp:attachment":[{"href":"https:\/\/sundar.be\/fr\/wp-json\/wp\/v2\/media?parent=40161"}],"wp:term":[{"taxonomy":"product_brand","embeddable":true,"href":"https:\/\/sundar.be\/fr\/wp-json\/wp\/v2\/product_brand?post=40161"},{"taxonomy":"product_cat","embeddable":true,"href":"https:\/\/sundar.be\/fr\/wp-json\/wp\/v2\/product_cat?post=40161"},{"taxonomy":"product_tag","embeddable":true,"href":"https:\/\/sundar.be\/fr\/wp-json\/wp\/v2\/product_tag?post=40161"}],"curies":[{"name":"wp","href":"https:\/\/api.w.org\/{rel}","templated":true}]}}