{"id":40149,"date":"2024-09-01T07:00:30","date_gmt":"2024-09-01T05:00:30","guid":{"rendered":"https:\/\/sundar.be\/product\/acrylbrush-cleanser-100-ml\/"},"modified":"2025-08-04T14:27:05","modified_gmt":"2025-08-04T12:27:05","slug":"acrylbrush-cleanser-100-ml","status":"publish","type":"product","link":"https:\/\/sundar.be\/fr\/produit\/acrylbrush-cleanser-100-ml\/","title":{"rendered":"Acrylbrush Cleanser, 100 ml"},"content":{"rendered":"<p>Pour nettoyer la brosse.<\/p>\n<ul>\n<li>Tenir hors de port\u00e9e des enfants.<\/li>\n<li>Tenir \u00e0 l&rsquo;\u00e9cart de la chaleur, des surfaces chaudes, des \u00e9tincelles, des flammes nues et autres sources d&rsquo;inflammation.<\/li>\n<li>Conserver dans un r\u00e9cipient herm\u00e9tiquement ferm\u00e9.<\/li>\n<li>\u00c9viter l&rsquo;inhalation des vapeurs<\/li>\n<\/ul>\n","protected":false},"excerpt":{"rendered":"<p>Le nettoyant pour pinceaux acryliques, votre fid\u00e8le compagnon pour \u00e9liminer les r\u00e9sidus tenaces de produits acryliques de votre pr\u00e9cieux pinceau.<\/p>\n","protected":false},"featured_media":40519,"comment_status":"open","ping_status":"closed","template":"","meta":{"_acf_changed":false},"product_brand":[],"product_cat":[1446,4765,4143,5621,5010,4761],"product_tag":[],"class_list":{"0":"post-40149","1":"product","2":"type-product","3":"status-publish","4":"has-post-thumbnail","6":"product_cat-hygiene-desinfection-fr","7":"product_cat-matriel-de-pratique","8":"product_cat-nettoyage-desinfection-nettoyage","9":"product_cat-nettoyant-pinceaux","10":"product_cat-manucure-pinceaux","11":"product_cat-pose-ongles","13":"first","14":"instock","15":"taxable","16":"shipping-taxable","17":"product-type-simple"},"acf":[],"_links":{"self":[{"href":"https:\/\/sundar.be\/fr\/wp-json\/wp\/v2\/product\/40149","targetHints":{"allow":["GET"]}}],"collection":[{"href":"https:\/\/sundar.be\/fr\/wp-json\/wp\/v2\/product"}],"about":[{"href":"https:\/\/sundar.be\/fr\/wp-json\/wp\/v2\/types\/product"}],"replies":[{"embeddable":true,"href":"https:\/\/sundar.be\/fr\/wp-json\/wp\/v2\/comments?post=40149"}],"wp:featuredmedia":[{"embeddable":true,"href":"https:\/\/sundar.be\/fr\/wp-json\/wp\/v2\/media\/40519"}],"wp:attachment":[{"href":"https:\/\/sundar.be\/fr\/wp-json\/wp\/v2\/media?parent=40149"}],"wp:term":[{"taxonomy":"product_brand","embeddable":true,"href":"https:\/\/sundar.be\/fr\/wp-json\/wp\/v2\/product_brand?post=40149"},{"taxonomy":"product_cat","embeddable":true,"href":"https:\/\/sundar.be\/fr\/wp-json\/wp\/v2\/product_cat?post=40149"},{"taxonomy":"product_tag","embeddable":true,"href":"https:\/\/sundar.be\/fr\/wp-json\/wp\/v2\/product_tag?post=40149"}],"curies":[{"name":"wp","href":"https:\/\/api.w.org\/{rel}","templated":true}]}}