{"id":40130,"date":"2024-09-01T07:00:02","date_gmt":"2024-09-01T05:00:02","guid":{"rendered":"https:\/\/sundar.be\/product\/sterillium-med\/"},"modified":"2025-03-13T17:41:41","modified_gmt":"2025-03-13T16:41:41","slug":"sterillium-med","status":"publish","type":"product","link":"https:\/\/sundar.be\/fr\/produit\/sterillium-med\/","title":{"rendered":"Sterillium Med"},"content":{"rendered":"<p>Efficace contre les bact\u00e9ries, les mycobact\u00e9ries, les levures, les champignons et les virus en 30 secondes. Excellente tol\u00e9rance, m\u00eame en cas d\u2019utilisation prolong\u00e9e. Efficacit\u00e9 imm\u00e9diate et effet r\u00e9siduel.  <\/p>\n<p>Sterillium MED est \u00e0 base d\u2019\u00e9thanol et offre un large spectre d\u2019action, y compris une activit\u00e9 virucide compl\u00e8te pendant le temps de trempage pour une d\u00e9sinfection hygi\u00e9nique des mains. Ce produit est con\u00e7u pour nettoyer vos mains en profondeur et les prot\u00e9ger contre les bact\u00e9ries et les virus nocifs. <\/p>\n","protected":false},"excerpt":{"rendered":"<p>Efficace contre les bact\u00e9ries, les mycobact\u00e9ries, les levures, les champignons et les virus en 30 secondes. Excellente tol\u00e9rance, m\u00eame en cas d\u2019utilisation prolong\u00e9e. Efficacit\u00e9 imm\u00e9diate et effet r\u00e9siduel. Sterillium MED est \u00e0 base d\u2019\u00e9thanol et offre un large spectre d\u2019action, y compris une activit\u00e9 virucide compl\u00e8te pendant le temps de trempage pour une d\u00e9sinfection hygi\u00e9nique [&hellip;]<\/p>\n","protected":false},"featured_media":40654,"comment_status":"open","ping_status":"closed","template":"","meta":{"_acf_changed":false},"product_brand":[],"product_cat":[4141,1446,4765],"product_tag":[4167],"class_list":{"0":"post-40130","1":"product","2":"type-product","3":"status-publish","4":"has-post-thumbnail","6":"product_cat-nettoyage-desinfection-desinfection","7":"product_cat-hygiene-desinfection-fr","8":"product_cat-matriel-de-pratique","9":"product_tag-desinfection","10":"pa_inhoud-1000-ml-fr","11":"pa_inhoud-500-ml-fr","12":"pa_inhoud-5000-ml-fr","14":"first","15":"instock","16":"taxable","17":"shipping-taxable","18":"product-type-variable"},"acf":[],"_links":{"self":[{"href":"https:\/\/sundar.be\/fr\/wp-json\/wp\/v2\/product\/40130","targetHints":{"allow":["GET"]}}],"collection":[{"href":"https:\/\/sundar.be\/fr\/wp-json\/wp\/v2\/product"}],"about":[{"href":"https:\/\/sundar.be\/fr\/wp-json\/wp\/v2\/types\/product"}],"replies":[{"embeddable":true,"href":"https:\/\/sundar.be\/fr\/wp-json\/wp\/v2\/comments?post=40130"}],"wp:featuredmedia":[{"embeddable":true,"href":"https:\/\/sundar.be\/fr\/wp-json\/wp\/v2\/media\/40654"}],"wp:attachment":[{"href":"https:\/\/sundar.be\/fr\/wp-json\/wp\/v2\/media?parent=40130"}],"wp:term":[{"taxonomy":"product_brand","embeddable":true,"href":"https:\/\/sundar.be\/fr\/wp-json\/wp\/v2\/product_brand?post=40130"},{"taxonomy":"product_cat","embeddable":true,"href":"https:\/\/sundar.be\/fr\/wp-json\/wp\/v2\/product_cat?post=40130"},{"taxonomy":"product_tag","embeddable":true,"href":"https:\/\/sundar.be\/fr\/wp-json\/wp\/v2\/product_tag?post=40130"}],"curies":[{"name":"wp","href":"https:\/\/api.w.org\/{rel}","templated":true}]}}