{"id":40125,"date":"2024-09-01T07:00:07","date_gmt":"2024-09-01T05:00:07","guid":{"rendered":"https:\/\/sundar.be\/product\/sterillium-gel-pure\/"},"modified":"2025-03-13T17:09:44","modified_gmt":"2025-03-13T16:09:44","slug":"sterillium-gel-pure","status":"publish","type":"product","link":"https:\/\/sundar.be\/fr\/produit\/sterillium-gel-pure\/","title":{"rendered":"Sterillium Gel Pure"},"content":{"rendered":"<div class=\"single-product-overview-details__product-tab-text single-product-overview-details__product-tab-text--is-active\" data-tab=\"description\">\n<div class=\"single-product-overview-details__product-tab-text-description\">Sterillium Gel pur est un d\u00e9sinfectant pour la d\u00e9sinfection hygi\u00e9nique et chirurgicale des mains avec d&rsquo;excellentes propri\u00e9t\u00e9s de soin. Sterillium est efficace contre les bact\u00e9ries, les mycobact\u00e9ries, les levures, les champignons et les virus. <\/div>\n<\/div>\n","protected":false},"excerpt":{"rendered":"<p>Gel alcoolique pour les mains \u00e0 base d&rsquo;\u00e9thanol.<\/p>\n","protected":false},"featured_media":40632,"comment_status":"open","ping_status":"closed","template":"","meta":{"_acf_changed":false},"product_brand":[],"product_cat":[4141,1446,4765],"product_tag":[4167],"class_list":{"0":"post-40125","1":"product","2":"type-product","3":"status-publish","4":"has-post-thumbnail","6":"product_cat-nettoyage-desinfection-desinfection","7":"product_cat-hygiene-desinfection-fr","8":"product_cat-matriel-de-pratique","9":"product_tag-desinfection","10":"pa_inhoud-100-ml-fr","11":"pa_inhoud-475-ml-fr","13":"first","14":"instock","15":"taxable","16":"shipping-taxable","17":"product-type-variable"},"acf":[],"_links":{"self":[{"href":"https:\/\/sundar.be\/fr\/wp-json\/wp\/v2\/product\/40125","targetHints":{"allow":["GET"]}}],"collection":[{"href":"https:\/\/sundar.be\/fr\/wp-json\/wp\/v2\/product"}],"about":[{"href":"https:\/\/sundar.be\/fr\/wp-json\/wp\/v2\/types\/product"}],"replies":[{"embeddable":true,"href":"https:\/\/sundar.be\/fr\/wp-json\/wp\/v2\/comments?post=40125"}],"wp:featuredmedia":[{"embeddable":true,"href":"https:\/\/sundar.be\/fr\/wp-json\/wp\/v2\/media\/40632"}],"wp:attachment":[{"href":"https:\/\/sundar.be\/fr\/wp-json\/wp\/v2\/media?parent=40125"}],"wp:term":[{"taxonomy":"product_brand","embeddable":true,"href":"https:\/\/sundar.be\/fr\/wp-json\/wp\/v2\/product_brand?post=40125"},{"taxonomy":"product_cat","embeddable":true,"href":"https:\/\/sundar.be\/fr\/wp-json\/wp\/v2\/product_cat?post=40125"},{"taxonomy":"product_tag","embeddable":true,"href":"https:\/\/sundar.be\/fr\/wp-json\/wp\/v2\/product_tag?post=40125"}],"curies":[{"name":"wp","href":"https:\/\/api.w.org\/{rel}","templated":true}]}}