{"id":40099,"date":"2024-09-01T07:00:51","date_gmt":"2024-09-01T05:00:51","guid":{"rendered":"https:\/\/sundar.be\/product\/podisonic-5000-ml\/"},"modified":"2025-08-04T14:20:31","modified_gmt":"2025-08-04T12:20:31","slug":"podisonic-5000-ml","status":"publish","type":"product","link":"https:\/\/sundar.be\/fr\/produit\/podisonic-5000-ml\/","title":{"rendered":"Podisonic, 5000 ml"},"content":{"rendered":"<div class=\"single-product-overview-details__product-tab-text single-product-overview-details__product-tab-text--is-active\" data-tab=\"description\">\n<div class=\"single-product-overview-details__product-tab-text-description\">Podisonic est utilis\u00e9 comme nettoyant puissant dans l&rsquo;appareil \u00e0 ultrasons et pour le nettoyage de vos instruments en acier et des fraises de p\u00e9dicure. Lorsque vous travaillez avec des spatules, des pinces, des excavateurs et des fraises de p\u00e9dicure, la salet\u00e9, les squames, les ongles, les graisses et les filaments adh\u00e8rent. Podisonic est id\u00e9al pour \u00e9liminer ces contaminants.  <\/div>\n<\/div>\n","protected":false},"excerpt":{"rendered":"<p>Podisonic pour le nettoyage des instruments m\u00e9talliques, des fraises et des forets. Convient aux appareils \u00e0 ultrasons. <\/p>\n","protected":false},"featured_media":40095,"comment_status":"open","ping_status":"closed","template":"","meta":{"_acf_changed":false},"product_brand":[],"product_cat":[4945,4141,1446,4133,4765],"product_tag":[4167,4135],"class_list":{"0":"post-40099","1":"product","2":"type-product","3":"status-publish","4":"has-post-thumbnail","6":"product_cat-amenagement-institut-webshop-fr","7":"product_cat-nettoyage-desinfection-desinfection","8":"product_cat-hygiene-desinfection-fr","9":"product_cat-nettoyage-desinfection-ultrasonique","10":"product_cat-matriel-de-pratique","11":"product_tag-desinfection","12":"product_tag-ultrasonique","14":"first","15":"instock","16":"taxable","17":"shipping-taxable","18":"product-type-simple"},"acf":[],"_links":{"self":[{"href":"https:\/\/sundar.be\/fr\/wp-json\/wp\/v2\/product\/40099","targetHints":{"allow":["GET"]}}],"collection":[{"href":"https:\/\/sundar.be\/fr\/wp-json\/wp\/v2\/product"}],"about":[{"href":"https:\/\/sundar.be\/fr\/wp-json\/wp\/v2\/types\/product"}],"replies":[{"embeddable":true,"href":"https:\/\/sundar.be\/fr\/wp-json\/wp\/v2\/comments?post=40099"}],"wp:featuredmedia":[{"embeddable":true,"href":"https:\/\/sundar.be\/fr\/wp-json\/wp\/v2\/media\/40095"}],"wp:attachment":[{"href":"https:\/\/sundar.be\/fr\/wp-json\/wp\/v2\/media?parent=40099"}],"wp:term":[{"taxonomy":"product_brand","embeddable":true,"href":"https:\/\/sundar.be\/fr\/wp-json\/wp\/v2\/product_brand?post=40099"},{"taxonomy":"product_cat","embeddable":true,"href":"https:\/\/sundar.be\/fr\/wp-json\/wp\/v2\/product_cat?post=40099"},{"taxonomy":"product_tag","embeddable":true,"href":"https:\/\/sundar.be\/fr\/wp-json\/wp\/v2\/product_tag?post=40099"}],"curies":[{"name":"wp","href":"https:\/\/api.w.org\/{rel}","templated":true}]}}