{"id":40088,"date":"2024-09-01T07:00:07","date_gmt":"2024-09-01T05:00:07","guid":{"rendered":"https:\/\/sundar.be\/product\/podilon-spray-desinfectant\/"},"modified":"2026-03-02T12:26:46","modified_gmt":"2026-03-02T11:26:46","slug":"podilon-spray-desinfectant","status":"publish","type":"product","link":"https:\/\/sundar.be\/fr\/produit\/podilon-spray-desinfectant\/","title":{"rendered":"Podilon spray d\u00e9sinfectant"},"content":{"rendered":"<p>Podilon est un gel d\u00e9sinfectant pour les mains pr\u00eat \u00e0 l&#8217;emploi. C&rsquo;est un d\u00e9sinfectant efficace contre les bact\u00e9ries, les levures et les champignons sur la peau. Le liquide contient 80% d&rsquo;alcool.  <\/p>\n<p>Podilon est efficace contre les virus lorsque les mains propres sont frott\u00e9es pendant au moins 60 secondes. Num\u00e9ro d&rsquo;enregistrement 14461N (NL) et NOTIF870 (BE). <\/p>\n","protected":false},"excerpt":{"rendered":"<p>Podilon est une lotion \u00e0 base d&rsquo;\u00e9thanol 80%.<\/p>\n","protected":false},"featured_media":40625,"comment_status":"open","ping_status":"closed","template":"","meta":{"_acf_changed":false},"product_brand":[],"product_cat":[4141,1446,4765],"product_tag":[4167],"class_list":{"0":"post-40088","1":"product","2":"type-product","3":"status-publish","4":"has-post-thumbnail","6":"product_cat-nettoyage-desinfection-desinfection","7":"product_cat-hygiene-desinfection-fr","8":"product_cat-matriel-de-pratique","9":"product_tag-desinfection","10":"pa_inhoud-100-ml-fr","11":"pa_inhoud-50-ml-fr","13":"first","14":"instock","15":"taxable","16":"shipping-taxable","17":"product-type-variable"},"acf":[],"_links":{"self":[{"href":"https:\/\/sundar.be\/fr\/wp-json\/wp\/v2\/product\/40088","targetHints":{"allow":["GET"]}}],"collection":[{"href":"https:\/\/sundar.be\/fr\/wp-json\/wp\/v2\/product"}],"about":[{"href":"https:\/\/sundar.be\/fr\/wp-json\/wp\/v2\/types\/product"}],"replies":[{"embeddable":true,"href":"https:\/\/sundar.be\/fr\/wp-json\/wp\/v2\/comments?post=40088"}],"wp:featuredmedia":[{"embeddable":true,"href":"https:\/\/sundar.be\/fr\/wp-json\/wp\/v2\/media\/40625"}],"wp:attachment":[{"href":"https:\/\/sundar.be\/fr\/wp-json\/wp\/v2\/media?parent=40088"}],"wp:term":[{"taxonomy":"product_brand","embeddable":true,"href":"https:\/\/sundar.be\/fr\/wp-json\/wp\/v2\/product_brand?post=40088"},{"taxonomy":"product_cat","embeddable":true,"href":"https:\/\/sundar.be\/fr\/wp-json\/wp\/v2\/product_cat?post=40088"},{"taxonomy":"product_tag","embeddable":true,"href":"https:\/\/sundar.be\/fr\/wp-json\/wp\/v2\/product_tag?post=40088"}],"curies":[{"name":"wp","href":"https:\/\/api.w.org\/{rel}","templated":true}]}}